{"id":466,"date":"2020-11-06T10:18:36","date_gmt":"2020-11-06T09:18:36","guid":{"rendered":"https:\/\/www.glaxes.com\/de\/?page_id=466"},"modified":"2021-04-13T18:07:26","modified_gmt":"2021-04-13T16:07:26","slug":"bei-glaxes-registrieren","status":"publish","type":"page","link":"https:\/\/www.glaxes.com\/de\/bei-glaxes-registrieren\/","title":{"rendered":"Bei Glaxes Registrieren"},"content":{"rendered":"\n<section class=\"wp-block-uagb-columns uagb-columns__wrap uagb-columns__background-none uagb-columns__stack-mobile uagb-columns__valign-top uagb-columns__gap-10 alignfull uagb-block-5e5d6dc3\"><div class=\"uagb-columns__overlay\"><\/div><div class=\"uagb-columns__inner-wrap uagb-columns__columns-1\">\n<div class=\"wp-block-uagb-column uagb-column__wrap uagb-column__background-undefined uagb-block-6ad8f0a3\"><div class=\"uagb-column__overlay\"><\/div><div class=\"uagb-column__inner-wrap\">\n<div class=\"wp-block-uagb-advanced-heading uagb-block-b999e903\" id=\"0-glaxes-marktforschung-bei-der-sie-wirklich-mitwirken\"><h1 class=\"uagb-heading-text\"><br>GLAXES<br>Kostenlos registrieren<br>&amp;<br>die Welt ver\u00e4ndern<\/h1><p class=\"uagb-desc-text\"><\/p><\/div>\n<\/div><\/div>\n<\/div><div class=\"uagb-columns__shape uagb-columns__shape-bottom\" data-negative=\"false\"><svg xmlns=\"http:\/\/www.w3.org\/2000\/svg\" viewbox=\"0 0 1000 100\" preserveaspectratio=\"none\"><path class=\"uagb-columns__shape-fill\" d=\"M0,0c0,0,0,6,0,6.7c0,18,240.2,93.6,615.2,92.6C989.8,98.5,1000,25,1000,6.7c0-0.7,0-6.7,0-6.7H0z\"><\/path><\/svg><\/div><\/section>\n\n\n\n<section class=\"wp-block-uagb-columns uagb-columns__wrap uagb-columns__background-color uagb-columns__stack-mobile uagb-columns__valign-undefined uagb-columns__gap-10 alignfull uagb-block-ff070b4c\"><div class=\"uagb-columns__overlay\"><\/div><div class=\"uagb-columns__inner-wrap uagb-columns__columns-1\">\n<div class=\"wp-block-uagb-column uagb-column__wrap uagb-column__background-undefined uagb-block-fbad9d91\"><div class=\"uagb-column__overlay\"><\/div><div class=\"uagb-column__inner-wrap\">\n<h2>Easy Registrieren bei Glaxes.com<\/h2>\n\n\n\n<p>Melden Sie sich, mit Ihrer E-Mail Adresse, einem sicheren Passwort und ein paar Informationen zu Ihrer Person, an. Nach deiner Anmeldung k\u00f6nnen Sie sich jederzeit in Ihr Konto einloggen, um eine \u00dcbersicht \u00fcber Ihren Kontostand zu haben. F\u00fcr die Registrierung ben\u00f6tigen Sie nur:<\/p>\n\n\n\n<p>\u29bf Eine Email-Adresse \u2713<\/p>\n\n\n\n<p>\u29bf Ein sicheres Passwort \u2713<\/p>\n\n\n\n<p>\u29bf 500 Punkte geschenkt durch Kennenlern-Fragebogen \u2713<\/p>\n\n\n\n<div style=\"height:75px\" aria-hidden=\"true\" class=\"wp-block-spacer\"><\/div>\n\n\n\n<section class=\"wp-block-uagb-section uagb-section__wrap uagb-section__background-undefined uagb-block-eda1e993\"><div class=\"uagb-section__overlay\"><\/div><div class=\"uagb-section__inner-wrap\">\r\n    \r\n    <form action=\"#response\" method=\"POST\">\r\n        <input type=\"hidden\" name=\"channel\" value=\"\"\/>\r\n        <input type=\"hidden\" name=\"adsnr\" value=\"\"\/>\r\n        <h2 style=\"text-align:center;\">Registrieren<\/h2><br>\r\n        Nachname*<br>\r\n        <input type=\"text\" name=\"f110\" id=\"f110\" value=\"\" size=\"100\" maxlength=\"150\" style=\"background-image: url(&quot;data:image\/png;base64,iVBORw0KGgoAAAANSUhEUgAAABAAAAAQCAYAAAAf8\/9hAAABHklEQVQ4EaVTO26DQBD1ohQWaS2lg9JybZ+AK7hNwx2oIoVf4UPQ0Lj1FdKktevIpel8AKNUkDcWMxpgSaIEaTVv3sx7uztiTdu2s\/98DywOw3Dued4Who\/M2aIx5lZV1aEsy0+qiwHELyi+Ytl0PQ69SxAxkWIA4RMRTdNsKE59juMcuZd6xIAFeZ6fGCdJ8kY4y7KAuTRNGd7jyEBXsdOPE3a0QGPsniOnnYMO67LgSQN9T41F2QGrQRRFCwyzoIF2qyBuKKbcOgPXdVeY9rMWgNsjf9ccYesJhk3f5dYT1HX9gR0LLQR30TnjkUEcx2uIuS4RnI+aj6sJR0AM8AaumPaM\/rRehyWhXqbFAA9kh3\/8\/NvHxAYGAsZ\/il8IalkCLBfNVAAAAABJRU5ErkJggg==&quot;); background-repeat: no-repeat; background-attachment: scroll; background-size: 16px 18px; background-position: 98% 50%; cursor: auto;\" required>\r\n        <br><br>Vorname*<br>\r\n        <input type=\"text\" name=\"f111\" id=\"f111\" value=\"\" size=\"100\" maxlength=\"150\" required>\r\n        <br><br>PLZ*<br>\r\n        <input type=\"text\" name=\"f118\" id=\"f118\" value=\"\" size=\"10\" maxlength=\"150\" required>\r\n        <br><br>Wohnort*<br>\r\n        <input type=\"text\" name=\"f113\" id=\"f113\" value=\"\" size=\"85\" maxlength=\"150\" required>\r\n        <br><br>Ihr Geschlecht?<br>\r\n        <label><input type=\"radio\" name=\"f108\" id=\"f108_0\" value=\"1\">&nbsp;m\u00e4nnlich<\/label>\r\n        <label><input type=\"radio\" name=\"f108\" id=\"f108_1\" value=\"2\">&nbsp;weiblich<\/label>\r\n        <br><br>Bitte geben Sie hier Ihr Geburtsdatum ein (TT.MM.JJJJ)*<br>\r\n        <input type=\"text\" name=\"f203\" id=\"f203\" value=\"\" size=\"10\" maxlength=\"10\" required>\r\n        <a href=\"#\" onclick=\"DateTimePicker.show('f203', 'date');return false;\" title=\"Datum\" class=\"DateTimePicker\"><i class=\"fa fa-calendar\"><\/a>\r\n        <br><br>Welchen Schul- oder Berufsabschluss haben Sie zuletzt abgeschlossen?<br>\r\n        <select name=\"f146\"><option value=\"0\">&nbsp;<\/option><option value=\"1\">Hauptschule<\/option><option value=\"2\">mittlere Reife \/ Berufs-\/ Fachschule<\/option><option value=\"3\">Abitur<\/option><option value=\"4\">Fachhochschule \/ Universit\u00e4t<\/option><\/select>\r\n        <br><br>Wie ist Ihr Familienstand?<br>\r\n        <select name=\"f186\"><option value=\"0\">&nbsp;<\/option><option value=\"1\">verheiratet \/ eingetragene Partnerschaft<\/option><option value=\"2\">unverheiratet,aber mit Partner zusammen lebend<\/option><option value=\"3\">ledig, Single<\/option><option value=\"4\">verwitwet<\/option><option value=\"5\">geschieden<\/option><option value=\"6\">in Scheidung \/ getrennt lebend<\/option><option value=\"7\">Kind \/ Jugendlicher bei den Eltern wohnend<\/option><\/select>\r\n        <br><br>Bitte geben Sie hier Ihre E-Mail-Adresse an*<br>\r\n        <input type=\"text\" name=\"login\" value=\"\" size=\"50\" required>\r\n        <br><br>Passwort*<br>\r\n        <input type=\"password\" name=\"password\" value=\"\" size=\"30\" style=\"background-image: url(&quot;data:image\/png;base64,iVBORw0KGgoAAAANSUhEUgAAABAAAAAQCAYAAAAf8\/9hAAACIUlEQVQ4EX2TOYhTURSG87IMihDsjGghBhFBmHFDHLWwSqcikk4RRKJgk0KL7C8bMpWpZtIqNkEUl1ZCgs0wOo0SxiLMDApWlgOPrH7\/5b2QkYwX7jvn\/uc\/\/zl3edZ4PPbNGvF4fC4ajR5VrNvt\/mo0Gr1ZPOtfgWw2e9Lv9+chX7cs64CS4Oxg3o9GI7tUKv0Q5o1dAiTfCgQCLwnOkfQOu+oSLyJ2A783HA7vIPLGxX0TgVwud4HKn0nc7Pf7N6vV6oZHkkX8FPG3uMfgXC0Wi2vCg\/poUKGGcagQI3k7k8mcp5slcGswGDwpl8tfwGJg3xB6Dvey8vz6oH4C3iXcFYjbwiDeo1KafafkC3NjK7iL5ESFGQEUF7Sg+ifZdDp9GnMF\/KGmfBdT2HCwZ7TwtrBPC7rQaav6Iv48rqZwg+F+p8hOMBj0IbxfMdMBrW5pAVGV\/ztINByENkU0t5BIJEKRSOQ3Aj+Z57iFs1R5NK3EQS6HQqF1zmQdzpFWq3W42WwOTAf1er1PF2USFlC+qxMvFAr3HcexWX+QX6lUvsKpkTyPSEXJkw6MQ4S38Ljdbi8rmM\/nY+CvgNcQqdH6U\/xrYK9t244jZv6ByUOSiDdIfgBZ12U6dHEHu9TpdIr8F0OP692CtzaW\/a6y3y0Wx5kbFHvGuXzkgf0xhKnPzA4UTyaTB8Ph8AvcHi3fnsrZ7Wore02YViqVOrRXXPhfqP8j6MYlawoAAAAASUVORK5CYII=&quot;); background-repeat: no-repeat; background-attachment: scroll; background-size: 16px 18px; background-position: 98% 50%; cursor: auto;\" required>\r\n        <br><br>Passwort wiederholen*<br>\r\n        <input type=\"password\" name=\"password_repeat\" value=\"\" size=\"30\" style=\"background-image: url(&quot;data:image\/png;base64,iVBORw0KGgoAAAANSUhEUgAAABAAAAAQCAYAAAAf8\/9hAAACIUlEQVQ4EX2TOYhTURSG87IMihDsjGghBhFBmHFDHLWwSqcikk4RRKJgk0KL7C8bMpWpZtIqNkEUl1ZCgs0wOo0SxiLMDApWlgOPrH7\/5b2QkYwX7jvn\/uc\/\/zl3edZ4PPbNGvF4fC4ajR5VrNvt\/mo0Gr1ZPOtfgWw2e9Lv9+chX7cs64CS4Oxg3o9GI7tUKv0Q5o1dAiTfCgQCLwnOkfQOu+oSLyJ2A783HA7vIPLGxX0TgVwud4HKn0nc7Pf7N6vV6oZHkkX8FPG3uMfgXC0Wi2vCg\/poUKGGcagQI3k7k8mcp5slcGswGDwpl8tfwGJg3xB6Dvey8vz6oH4C3iXcFYjbwiDeo1KafafkC3NjK7iL5ESFGQEUF7Sg+ifZdDp9GnMF\/KGmfBdT2HCwZ7TwtrBPC7rQaav6Iv48rqZwg+F+p8hOMBj0IbxfMdMBrW5pAVGV\/ztINByENkU0t5BIJEKRSOQ3Aj+Z57iFs1R5NK3EQS6HQqF1zmQdzpFWq3W42WwOTAf1er1PF2USFlC+qxMvFAr3HcexWX+QX6lUvsKpkTyPSEXJkw6MQ4S38Ljdbi8rmM\/nY+CvgNcQqdH6U\/xrYK9t244jZv6ByUOSiDdIfgBZ12U6dHEHu9TpdIr8F0OP692CtzaW\/a6y3y0Wx5kbFHvGuXzkgf0xhKnPzA4UTyaTB8Ph8AvcHi3fnsrZ7Wore02YViqVOrRXXPhfqP8j6MYlawoAAAAASUVORK5CYII=&quot;); background-repeat: no-repeat; background-attachment: scroll; background-size: 16px 18px; background-position: 98% 50%; cursor: auto;\" required>\r\n        <br><br>\r\n        <input type=\"checkbox\" name=\"conditions\" value=\"1\">\r\n        <a href=\"https:\/\/glaxes.com\/de\/terms\" target=\"_blank\">Teilnahmebedingungen akzeptieren*<\/a><br>\r\n        <input type=\"checkbox\" name=\"privacy\" id=\"privacy\" value=\"1\">\r\n        <a href=\"https:\/\/glaxes.com\/de\/privacy\" target=\"_blank\">Datenschutzbestimmungen gelesen*<\/a>\r\n        <br><br>\r\n        \r\n        <input type=\"submit\" name=\"panel_send\" value=\"Jetzt registrieren\" class=\"submit\">\r\n        <br><br><br><br>\r\n    <\/form>\n<\/div><\/section>\n\n\n\n<div style=\"height:75px\" aria-hidden=\"true\" class=\"wp-block-spacer\"><\/div>\n\n\n\n<section class=\"wp-block-uagb-section uagb-section__wrap uagb-section__background-undefined uagb-block-6fa242be\"><div class=\"uagb-section__overlay\"><\/div><div class=\"uagb-section__inner-wrap\"><div id=\"crp_related\"> <\/div><\/div><\/section>\n\n\n\n<section class=\"wp-block-uagb-columns uagb-columns__wrap uagb-columns__background-undefined uagb-columns__stack-mobile uagb-columns__valign-undefined uagb-columns__gap-10 alignundefined uagb-block-0cd782ea\"><div class=\"uagb-columns__overlay\"><\/div><div class=\"uagb-columns__inner-wrap uagb-columns__columns-2\">\n<div class=\"wp-block-uagb-column uagb-column__wrap uagb-column__background-undefined uagb-block-9247d0d8\"><div class=\"uagb-column__overlay\"><\/div><div class=\"uagb-column__inner-wrap\">\n<h2>Was kann man mit <strong>Glaxes.com\u00a0<\/strong>machen?<\/h2>\n\n\n\n<p>Wer ist Glaxes.com? Bei unserem Unternehmen handelt es sich um ein international, n\u00e4mlich in 13 L\u00e4ndern aktives Marktforschungsinstitut. Um unsere Arbeit zu erledigen, ben\u00f6tigen wir deine Unterst\u00fctzung: Wir ben\u00f6tigen deine Meinung und Erfahrungen zu den unterschiedlichsten Themen \u2013 und du bekommst von uns Geld daf\u00fcr, dass du deine Zeit daf\u00fcr investierst.<\/p>\n\n\n\n<p>Wir schicken dir per E-Mail Umfragen zu. Manche Umfragen entwickeln wir selbst oder wir f\u00fchren Studien im Auftrag anderer Institute und renommierter Unternehmen durch, beispielsweise zu bestimmten Produkten, deren zu erwartender Markterfolg noch gepr\u00fcft werden soll. <a href=\"https:\/\/www.glaxes.com\/de\/nebenverdienst-student-mit-online-umfragen\/\" target=\"_blank\" rel=\"noreferrer noopener\">Mehr lesen zu Glaxes<\/a><\/p>\n<\/div><\/div>\n\n\n\n<div class=\"wp-block-uagb-column uagb-column__wrap uagb-column__background-undefined uagb-block-fc0b9f43\"><div class=\"uagb-column__overlay\"><\/div><div class=\"uagb-column__inner-wrap\">\n<figure class=\"wp-block-embed-youtube wp-block-embed is-type-video is-provider-youtube wp-embed-aspect-16-9 wp-has-aspect-ratio\"><div class=\"wp-block-embed__wrapper\">\n<div class=\"BorlabsCookie\"><div class=\"_brlbs-content-blocker\"> <div class=\"_brlbs-embed _brlbs-video-youtube\"> <img class=\"_brlbs-thumbnail\" src=\"https:\/\/www.glaxes.com\/de\/wp-content\/plugins\/borlabs-cookie\/images\/cb-no-thumbnail.png\" alt=\"YouTube\"> <div class=\"_brlbs-caption\"> <p>Mit dem Laden des Videos akzeptieren Sie die Datenschutzerkl\u00e4rung von YouTube.<br><a href=\"https:\/\/policies.google.com\/privacy\" target=\"_blank\" rel=\"nofollow noopener noreferrer\">Mehr erfahren<\/a><\/p> <p><a class=\"_brlbs-btn _brlbs-icon-play-white\" href=\"#\" data-borlabs-cookie-unblock role=\"button\">Video laden<\/a><\/p> <p><label><input type=\"checkbox\" name=\"unblockAll\" value=\"1\" checked> <small>YouTube immer entsperren<\/small><\/label><\/p> <\/div> <\/div> <\/div><div class=\"borlabs-hide\" data-borlabs-cookie-type=\"content-blocker\" data-borlabs-cookie-id=\"youtube\"><script type=\"text\/template\">PGRpdiBjbGFzcz0iYXN0LW9lbWJlZC1jb250YWluZXIiPjxpZnJhbWUgdGl0bGU9IkdsYXhlcy5jb20gLSBVbWZyYWdlbiBiZWFyYmVpdGVuLCBHZWxkIHZlcmRpZW5lbiEiIHdpZHRoPSI1MDAiIGhlaWdodD0iMjgxIiBzcmM9Imh0dHBzOi8vd3d3LnlvdXR1YmUtbm9jb29raWUuY29tL2VtYmVkL1hocUxXTTdtbXEwP2ZlYXR1cmU9b2VtYmVkIiBmcmFtZWJvcmRlcj0iMCIgYWxsb3c9ImFjY2VsZXJvbWV0ZXI7IGF1dG9wbGF5OyBjbGlwYm9hcmQtd3JpdGU7IGVuY3J5cHRlZC1tZWRpYTsgZ3lyb3Njb3BlOyBwaWN0dXJlLWluLXBpY3R1cmUiIGFsbG93ZnVsbHNjcmVlbj48L2lmcmFtZT48L2Rpdj4=<\/script><\/div><\/div>\n<\/div><\/figure>\n<\/div><\/div>\n<\/div><\/section>\n<\/div><\/div>\n<\/div><\/section>\n\n\n\n<section class=\"wp-block-uagb-columns uagb-columns__wrap uagb-columns__background-color uagb-columns__stack-mobile uagb-columns__valign-undefined uagb-columns__gap-10 alignfull uagb-block-1cd3dd57\"><div class=\"uagb-columns__overlay\"><\/div><div class=\"uagb-columns__shape uagb-columns__shape-top\"><svg xmlns=\"http:\/\/www.w3.org\/2000\/svg\" viewbox=\"0 0 1000 100\" preserveaspectratio=\"none\"><path class=\"uagb-columns__shape-fill\" d=\"M0,0c0,0,0,6,0,6.7c0,18,240.2,93.6,615.2,92.6C989.8,98.5,1000,25,1000,6.7c0-0.7,0-6.7,0-6.7H0z\"><\/path><\/svg><\/div><div class=\"uagb-columns__inner-wrap uagb-columns__columns-1\">\n<div class=\"wp-block-uagb-column uagb-column__wrap uagb-column__background-none uagb-block-fc422d88\"><div class=\"uagb-column__overlay\"><\/div><div class=\"uagb-column__inner-wrap\">\n<p><\/p>\n<\/div><\/div>\n<\/div><\/section>\n","protected":false},"excerpt":{"rendered":"","protected":false},"author":1,"featured_media":0,"parent":0,"menu_order":0,"comment_status":"closed","ping_status":"open","template":"","meta":{"ub_ctt_via":""},"featured_image_src":null,"uagb_featured_image_src":{"full":false,"thumbnail":false,"medium":false,"medium_large":false,"large":false,"1536x1536":false,"2048x2048":false},"uagb_author_info":{"display_name":"admin","author_link":"https:\/\/www.glaxes.com\/de\/author\/admin\/"},"uagb_comment_info":0,"uagb_excerpt":null,"yoast_head":"<!-- This site is optimized with the Yoast SEO plugin v15.1.1 - https:\/\/yoast.com\/wordpress\/plugins\/seo\/ -->\n<title>Registrieren bei Glaxes - Kostenlos - Unverbindlich - Rentabel f\u00fcr Sie<\/title>\n<meta name=\"description\" content=\"Kostenlose Registrierung - Kostenlose Teilnahme an Umfragen - Garantierte Auszahlung - Alles 100% Datenschutzkonform - Umfragen mit Glaxes!\" \/>\n<meta name=\"robots\" content=\"index, follow, max-snippet:-1, max-image-preview:large, max-video-preview:-1\" \/>\n<link rel=\"canonical\" href=\"https:\/\/www.glaxes.com\/de\/bei-glaxes-registrieren\/\" \/>\n<meta property=\"og:locale\" content=\"de_DE\" \/>\n<meta property=\"og:type\" content=\"article\" \/>\n<meta property=\"og:title\" content=\"Credo \u2013 GLAXES, Wir sind Online-Marktforschung\" \/>\n<meta property=\"og:description\" content=\"Glaxes - Marktforschung bei der Sie wirklich mitwirken. Unser Credo erkl\u00e4rt Ihnen wieso wir gute Marktforschung betreiben!\" \/>\n<meta property=\"og:url\" content=\"https:\/\/www.glaxes.com\/de\/bei-glaxes-registrieren\/\" \/>\n<meta property=\"og:site_name\" content=\"GLAXES\" \/>\n<meta property=\"article:modified_time\" content=\"2021-04-13T16:07:26+00:00\" \/>\n<meta property=\"og:image\" content=\"https:\/\/www.glaxes.com\/de\/wp-content\/uploads\/2020\/10\/bg.jpg\" \/>\n\t<meta property=\"og:image:width\" content=\"1920\" \/>\n\t<meta property=\"og:image:height\" content=\"1080\" \/>\n<meta name=\"twitter:card\" content=\"summary_large_image\" \/>\n<meta name=\"twitter:title\" content=\"Credo \u2013 GLAXES, Wir sind Online-Marktforschung\" \/>\n<meta name=\"twitter:description\" content=\"Glaxes - Marktforschung bei der Sie wirklich mitwirken. Unser Credo erkl\u00e4rt Ihnen wieso wir gute Marktforschung betreiben!\" \/>\n<meta name=\"twitter:image\" content=\"https:\/\/www.glaxes.com\/de\/wp-content\/uploads\/2020\/10\/bg.jpg\" \/>\n<script type=\"application\/ld+json\" class=\"yoast-schema-graph\">{\"@context\":\"https:\/\/schema.org\",\"@graph\":[{\"@type\":\"WebSite\",\"@id\":\"https:\/\/www.glaxes.com\/de\/#website\",\"url\":\"https:\/\/www.glaxes.com\/de\/\",\"name\":\"GLAXES\",\"description\":\"Wir sind Online-Marktforschung\",\"potentialAction\":[{\"@type\":\"SearchAction\",\"target\":\"https:\/\/www.glaxes.com\/de\/?s={search_term_string}\",\"query-input\":\"required name=search_term_string\"}],\"inLanguage\":\"de-DE\"},{\"@type\":\"WebPage\",\"@id\":\"https:\/\/www.glaxes.com\/de\/bei-glaxes-registrieren\/#webpage\",\"url\":\"https:\/\/www.glaxes.com\/de\/bei-glaxes-registrieren\/\",\"name\":\"Registrieren bei Glaxes - Kostenlos - Unverbindlich - Rentabel f\\u00fcr Sie\",\"isPartOf\":{\"@id\":\"https:\/\/www.glaxes.com\/de\/#website\"},\"datePublished\":\"2020-11-06T09:18:36+00:00\",\"dateModified\":\"2021-04-13T16:07:26+00:00\",\"description\":\"Kostenlose Registrierung - Kostenlose Teilnahme an Umfragen - Garantierte Auszahlung - Alles 100% Datenschutzkonform - Umfragen mit Glaxes!\",\"inLanguage\":\"de-DE\",\"potentialAction\":[{\"@type\":\"ReadAction\",\"target\":[\"https:\/\/www.glaxes.com\/de\/bei-glaxes-registrieren\/\"]}]}]}<\/script>\n<!-- \/ Yoast SEO plugin. -->","_links":{"self":[{"href":"https:\/\/www.glaxes.com\/de\/wp-json\/wp\/v2\/pages\/466"}],"collection":[{"href":"https:\/\/www.glaxes.com\/de\/wp-json\/wp\/v2\/pages"}],"about":[{"href":"https:\/\/www.glaxes.com\/de\/wp-json\/wp\/v2\/types\/page"}],"author":[{"embeddable":true,"href":"https:\/\/www.glaxes.com\/de\/wp-json\/wp\/v2\/users\/1"}],"replies":[{"embeddable":true,"href":"https:\/\/www.glaxes.com\/de\/wp-json\/wp\/v2\/comments?post=466"}],"version-history":[{"count":10,"href":"https:\/\/www.glaxes.com\/de\/wp-json\/wp\/v2\/pages\/466\/revisions"}],"predecessor-version":[{"id":904,"href":"https:\/\/www.glaxes.com\/de\/wp-json\/wp\/v2\/pages\/466\/revisions\/904"}],"wp:attachment":[{"href":"https:\/\/www.glaxes.com\/de\/wp-json\/wp\/v2\/media?parent=466"}],"curies":[{"name":"wp","href":"https:\/\/api.w.org\/{rel}","templated":true}]}}