{"id":226,"date":"2020-10-13T12:54:20","date_gmt":"2020-10-13T10:54:20","guid":{"rendered":"https:\/\/dev.fabiodoppio.de\/glaxes\/?page_id=226"},"modified":"2021-07-24T14:15:43","modified_gmt":"2021-07-24T12:15:43","slug":"login","status":"publish","type":"page","link":"https:\/\/www.glaxes.com\/de\/login\/","title":{"rendered":"Login"},"content":{"rendered":"\n<section class=\"wp-block-uagb-columns uagb-columns__wrap uagb-columns__background-none uagb-columns__stack-mobile uagb-columns__valign-top uagb-columns__gap-10 alignfull uagb-block-c87bab07\"><div class=\"uagb-columns__overlay\"><\/div><div class=\"uagb-columns__inner-wrap uagb-columns__columns-1\">\n<div class=\"wp-block-uagb-column uagb-column__wrap uagb-column__background-undefined uagb-block-e3eb4d78\"><div class=\"uagb-column__overlay\"><\/div><div class=\"uagb-column__inner-wrap\">\n<div class=\"wp-block-uagb-advanced-heading uagb-block-a6579ec4\" id=\"0-glaxes-marktforschung-bei-der-sie-wirklich-mitwirken\"><h1 class=\"uagb-heading-text\">Test Panel<br>GLAXES<\/h1><p class=\"uagb-desc-text\"><\/p><\/div>\n<\/div><\/div>\n<\/div><div class=\"uagb-columns__shape uagb-columns__shape-bottom\" data-negative=\"false\"><svg xmlns=\"http:\/\/www.w3.org\/2000\/svg\" viewbox=\"0 0 1000 100\" preserveaspectratio=\"none\"><path class=\"uagb-columns__shape-fill\" d=\"M0,0c0,0,0,6,0,6.7c0,18,240.2,93.6,615.2,92.6C989.8,98.5,1000,25,1000,6.7c0-0.7,0-6.7,0-6.7H0z\"><\/path><\/svg><\/div><\/section>\n\n\n\n<section class=\"wp-block-uagb-columns uagb-columns__wrap uagb-columns__background-color uagb-columns__stack-mobile uagb-columns__valign-undefined uagb-columns__gap-10 alignfull uagb-block-3ef5aded\"><div class=\"uagb-columns__overlay\"><\/div><div class=\"uagb-columns__inner-wrap uagb-columns__columns-1\">\n<div class=\"wp-block-uagb-column uagb-column__wrap uagb-column__background-undefined uagb-block-d077355f\"><div class=\"uagb-column__overlay\"><\/div><div class=\"uagb-column__inner-wrap\">\n<h2>Login ins Umfragen-Paradies!<\/h2>\n\n\n<iframe name=\"iframe\" src=\"https:\/\/panel.glaxes.com\/?ID=2&select_language=de&src=\" width=\"100%\" height=\"800\" frameborder=\"0\"><a href=\"https:\/\/www.mozilla.org\/de\/firefox\/new\/\" alt=\"https:\/\/www.mozilla.org\/de\/firefox\/new\/\">Please get the newest version of Firefox<\/a><\/iframe>\n\n\n\n<p>Nach dem Login k\u00f6nnen Sie Ihren Kontostand einsehen und Umfragen bearbeiten. Sie k\u00f6nnen auch weitere Funktionen wie z.B. die Auszahlung nutzen. Wichtig: Sie haben auch eine \u00dcbersicht \u00fcber alle anderen Umfragen. D.h. Sie m\u00fcssen Ihre Emails nicht zwischenspeichern! Login gen\u00fcgt \ud83d\ude42<\/p>\n\n\n\n<p><\/p>\n<\/div><\/div>\n<\/div><\/section>\n\n\n\n<section class=\"wp-block-uagb-columns uagb-columns__wrap uagb-columns__background-color uagb-columns__stack-mobile uagb-columns__valign-undefined uagb-columns__gap-10 alignfull uagb-block-48600dd3\"><div class=\"uagb-columns__overlay\"><\/div><div class=\"uagb-columns__shape uagb-columns__shape-top\"><svg xmlns=\"http:\/\/www.w3.org\/2000\/svg\" viewbox=\"0 0 1000 100\" preserveaspectratio=\"none\"><path class=\"uagb-columns__shape-fill\" d=\"M0,0c0,0,0,6,0,6.7c0,18,240.2,93.6,615.2,92.6C989.8,98.5,1000,25,1000,6.7c0-0.7,0-6.7,0-6.7H0z\"><\/path><\/svg><\/div><div class=\"uagb-columns__inner-wrap uagb-columns__columns-1\">\n<div class=\"wp-block-uagb-column uagb-column__wrap uagb-column__background-none uagb-block-9939f453\"><div class=\"uagb-column__overlay\"><\/div><div class=\"uagb-column__inner-wrap\">\n<p><\/p>\n<\/div><\/div>\n<\/div><\/section>\n","protected":false},"excerpt":{"rendered":"","protected":false},"author":1,"featured_media":0,"parent":0,"menu_order":0,"comment_status":"closed","ping_status":"open","template":"","meta":{"ub_ctt_via":""},"featured_image_src":null,"uagb_featured_image_src":{"full":false,"thumbnail":false,"medium":false,"medium_large":false,"large":false,"1536x1536":false,"2048x2048":false},"uagb_author_info":{"display_name":"admin","author_link":"https:\/\/www.glaxes.com\/de\/author\/admin\/"},"uagb_comment_info":0,"uagb_excerpt":null,"yoast_head":"<!-- This site is optimized with the Yoast SEO plugin v15.1.1 - https:\/\/yoast.com\/wordpress\/plugins\/seo\/ -->\n<title>Glaxes Login - F\u00fcr registrierte Nutzer | Kostenlose Nutzung<\/title>\n<meta name=\"description\" content=\"Glaxes Login ins Umfragenparadies - Kontostand | \u00dcbersicht \u00fcber alle Umfragen | Auszahlungen | Gutscheine - Schnell &amp; Kostenlos\" \/>\n<meta name=\"robots\" content=\"index, follow, max-snippet:-1, max-image-preview:large, max-video-preview:-1\" \/>\n<link rel=\"canonical\" href=\"https:\/\/www.glaxes.com\/de\/login\/\" \/>\n<meta property=\"og:locale\" content=\"de_DE\" \/>\n<meta property=\"og:type\" content=\"article\" \/>\n<meta property=\"og:title\" content=\"Credo \u2013 GLAXES, Wir sind Online-Marktforschung\" \/>\n<meta property=\"og:description\" content=\"Glaxes - Marktforschung bei der Sie wirklich mitwirken. Unser Credo erkl\u00e4rt Ihnen wieso wir gute Marktforschung betreiben!\" \/>\n<meta property=\"og:url\" content=\"https:\/\/www.glaxes.com\/de\/login\/\" \/>\n<meta property=\"og:site_name\" content=\"GLAXES\" \/>\n<meta property=\"article:modified_time\" content=\"2021-07-24T12:15:43+00:00\" \/>\n<meta property=\"og:image\" content=\"https:\/\/www.glaxes.com\/de\/wp-content\/uploads\/2020\/10\/bg.jpg\" \/>\n\t<meta property=\"og:image:width\" content=\"1920\" \/>\n\t<meta property=\"og:image:height\" content=\"1080\" \/>\n<meta name=\"twitter:card\" content=\"summary_large_image\" \/>\n<meta name=\"twitter:title\" content=\"Credo \u2013 GLAXES, Wir sind Online-Marktforschung\" \/>\n<meta name=\"twitter:description\" content=\"Glaxes - Marktforschung bei der Sie wirklich mitwirken. Unser Credo erkl\u00e4rt Ihnen wieso wir gute Marktforschung betreiben!\" \/>\n<meta name=\"twitter:image\" content=\"https:\/\/www.glaxes.com\/de\/wp-content\/uploads\/2020\/10\/bg.jpg\" \/>\n<script type=\"application\/ld+json\" class=\"yoast-schema-graph\">{\"@context\":\"https:\/\/schema.org\",\"@graph\":[{\"@type\":\"WebSite\",\"@id\":\"https:\/\/www.glaxes.com\/de\/#website\",\"url\":\"https:\/\/www.glaxes.com\/de\/\",\"name\":\"GLAXES\",\"description\":\"Wir sind Online-Marktforschung\",\"potentialAction\":[{\"@type\":\"SearchAction\",\"target\":\"https:\/\/www.glaxes.com\/de\/?s={search_term_string}\",\"query-input\":\"required name=search_term_string\"}],\"inLanguage\":\"de-DE\"},{\"@type\":\"WebPage\",\"@id\":\"https:\/\/www.glaxes.com\/de\/login\/#webpage\",\"url\":\"https:\/\/www.glaxes.com\/de\/login\/\",\"name\":\"Glaxes Login - F\\u00fcr registrierte Nutzer | Kostenlose Nutzung\",\"isPartOf\":{\"@id\":\"https:\/\/www.glaxes.com\/de\/#website\"},\"datePublished\":\"2020-10-13T10:54:20+00:00\",\"dateModified\":\"2021-07-24T12:15:43+00:00\",\"description\":\"Glaxes Login ins Umfragenparadies - Kontostand | \\u00dcbersicht \\u00fcber alle Umfragen | Auszahlungen | Gutscheine - Schnell & Kostenlos\",\"inLanguage\":\"de-DE\",\"potentialAction\":[{\"@type\":\"ReadAction\",\"target\":[\"https:\/\/www.glaxes.com\/de\/login\/\"]}]}]}<\/script>\n<!-- \/ Yoast SEO plugin. -->","_links":{"self":[{"href":"https:\/\/www.glaxes.com\/de\/wp-json\/wp\/v2\/pages\/226"}],"collection":[{"href":"https:\/\/www.glaxes.com\/de\/wp-json\/wp\/v2\/pages"}],"about":[{"href":"https:\/\/www.glaxes.com\/de\/wp-json\/wp\/v2\/types\/page"}],"author":[{"embeddable":true,"href":"https:\/\/www.glaxes.com\/de\/wp-json\/wp\/v2\/users\/1"}],"replies":[{"embeddable":true,"href":"https:\/\/www.glaxes.com\/de\/wp-json\/wp\/v2\/comments?post=226"}],"version-history":[{"count":11,"href":"https:\/\/www.glaxes.com\/de\/wp-json\/wp\/v2\/pages\/226\/revisions"}],"predecessor-version":[{"id":990,"href":"https:\/\/www.glaxes.com\/de\/wp-json\/wp\/v2\/pages\/226\/revisions\/990"}],"wp:attachment":[{"href":"https:\/\/www.glaxes.com\/de\/wp-json\/wp\/v2\/media?parent=226"}],"curies":[{"name":"wp","href":"https:\/\/api.w.org\/{rel}","templated":true}]}}