{"id":110,"date":"2020-10-08T18:17:53","date_gmt":"2020-10-08T16:17:53","guid":{"rendered":"http:\/\/dev.fabiodoppio.de\/glaxes\/?page_id=110"},"modified":"2020-10-15T15:10:00","modified_gmt":"2020-10-15T13:10:00","slug":"imprint","status":"publish","type":"page","link":"https:\/\/www.glaxes.com\/de\/imprint\/","title":{"rendered":"Impressum"},"content":{"rendered":"\n<section class=\"wp-block-uagb-columns uagb-columns__wrap uagb-columns__background-none uagb-columns__stack-mobile uagb-columns__valign-top uagb-columns__gap-10 alignfull uagb-block-0fa13f57\"><div class=\"uagb-columns__overlay\"><\/div><div class=\"uagb-columns__inner-wrap uagb-columns__columns-1\">\n<div class=\"wp-block-uagb-column uagb-column__wrap uagb-column__background-undefined uagb-block-43799b3e\"><div class=\"uagb-column__overlay\"><\/div><div class=\"uagb-column__inner-wrap\">\n<div class=\"wp-block-uagb-advanced-heading uagb-block-b6b6ada6\" id=\"0-glaxes-marktforschung-bei-der-sie-wirklich-mitwirken\"><h1 class=\"uagb-heading-text\">Imprint<br>GLAXES<\/h1><p class=\"uagb-desc-text\"><\/p><\/div>\n\n\n\n<div class=\"wp-block-buttons\">\n<div class=\"wp-block-button\"><a class=\"wp-block-button__link\" href=\"https:\/\/www.glaxes.com\/de\/login\/\">Login<\/a><\/div>\n\n\n\n<div class=\"wp-block-button is-style-fill\"><a class=\"wp-block-button__link\" href=\"https:\/\/www.glaxes.com\/de\/regist\/\">Zur Registrierung<\/a><\/div>\n<\/div>\n<\/div><\/div>\n<\/div><div class=\"uagb-columns__shape uagb-columns__shape-bottom\" data-negative=\"false\"><svg xmlns=\"http:\/\/www.w3.org\/2000\/svg\" viewbox=\"0 0 1000 100\" preserveaspectratio=\"none\"><path class=\"uagb-columns__shape-fill\" d=\"M0,0c0,0,0,6,0,6.7c0,18,240.2,93.6,615.2,92.6C989.8,98.5,1000,25,1000,6.7c0-0.7,0-6.7,0-6.7H0z\"><\/path><\/svg><\/div><\/section>\n\n\n\n<section class=\"wp-block-uagb-columns uagb-columns__wrap uagb-columns__background-color uagb-columns__stack-mobile uagb-columns__valign-undefined uagb-columns__gap-10 alignfull uagb-block-01c5fd6f\"><div class=\"uagb-columns__overlay\"><\/div><div class=\"uagb-columns__inner-wrap uagb-columns__columns-1\">\n<div class=\"wp-block-uagb-column uagb-column__wrap uagb-column__background-undefined uagb-block-357466f6\"><div class=\"uagb-column__overlay\"><\/div><div class=\"uagb-column__inner-wrap\">\n<h2 class=\"has-text-align-center\" id=\"1-%C3%BCber-glaxes\">Impressum<\/h2>\n\n\n\n<p>Ein Service von:<br>Untiedt Research GmbH<br>Denkmalstra\u00dfe 2<br>45529 Hattingen<br>Tel.: 02324 \/ 98 33 91<br>Fax: 02324 \/ 98 33 92<br><br><br>Inhaber:<br>Bernd Untiedt<\/p>\n\n\n\n<h4 class=\"has-text-align-center\"><strong>Disclaimer \u2013 rechtliche Hinweise<\/strong><\/h4>\n\n\n\n<p class=\"has-text-align-center\">\u00a7 1 Haftungsbeschr\u00e4nkung<br>Die Inhalte dieser Website werden mit gr\u00f6\u00dftm\u00f6glicher Sorgfalt erstellt. Der Anbieter \u00fcbernimmt jedoch keine Gew\u00e4hr f\u00fcr die Richtigkeit, Vollst\u00e4ndigkeit und Aktualit\u00e4t der bereitgestellten Inhalte. Die Nutzung der Inhalte der Website erfolgt auf eigene Gefahr des Nutzers. Namentlich gekennzeichnete Beitr\u00e4ge geben die Meinung des jeweiligen Autors und nicht immer die Meinung des Anbieters wieder. Mit der reinen Nutzung der Website des Anbieters kommt keinerlei Vertragsverh\u00e4ltnis zwischen dem Nutzer und dem Anbieter zustande.<\/p>\n\n\n\n<p class=\"has-text-align-center\">\u00a7 2 Urheber- und Leistungsschutzrechte Die auf dieser Website ver\u00f6ffentlichten Inhalte unterliegen dem deutschen Urheber- und Leistungsschutzrecht. Jede vom deutschen Urheber- und Leistungsschutzrecht nicht zugelassene Verwertung bedarf der vorherigen schriftlichen Zustimmung des Anbieters oder jeweiligen Rechteinhabers. Dies gilt insbesondere f\u00fcr Vervielf\u00e4ltigung, Bearbeitung, \u00dcbersetzung, Einspeicherung, Verarbeitung bzw. Wiedergabe von Inhalten in Datenbanken oder anderen elektronischen Medien und Systemen. Inhalte und Rechte Dritter sind dabei als solche gekennzeichnet. Die unerlaubte Vervielf\u00e4ltigung oder Weitergabe einzelner Inhalte oder kompletter Seiten ist nicht gestattet und strafbar. Lediglich die Herstellung von Kopien und Downloads f\u00fcr den pers\u00f6nlichen, privaten und nicht kommerziellen Gebrauch ist erlaubt.<\/p>\n\n\n\n<p class=\"has-text-align-center\">Die Darstellung dieser Website in fremden Frames ist nur mit schriftlicher Erlaubnis zul\u00e4ssig.<\/p>\n\n\n\n<p class=\"has-text-align-center\">Wenn Sie Fragen zu diesem Datenaustausch haben, wenden Sie sich bitte an unseren Datenschutzbeauftragen (l.ronnenberg@untiedt.de).<\/p>\n\n\n\n<p class=\"has-text-align-center\"><a href=\"https:\/\/www.glaxes.com\/de\/privacy\">DATENSCHUTZ<\/a><\/p>\n\n\n\n<p class=\"has-text-align-center\">Verwendete Bilder\/Grafiken:<br>Startseite 1: Urheber:&nbsp;<a href=\"https:\/\/de.123rf.com\/profile_tashatuvango\">tashatuvango \/ 123RF Lizenzfreie Bilder<\/a><br>Startseite 2: Urheber:&nbsp;<a href=\"https:\/\/de.123rf.com\/profile_tashatuvango\">tashatuvango \/ 123RF Lizenzfreie Bilder<\/a><br>Startseite 3: Urheber:&nbsp;<a href=\"https:\/\/de.123rf.com\/profile_rawpixel\">rawpixel \/ 123RF Lizenzfreie Bilder<\/a><\/p>\n\n\n\n<p><\/p>\n<\/div><\/div>\n<\/div><\/section>\n\n\n\n<section class=\"wp-block-uagb-columns uagb-columns__wrap uagb-columns__background-color uagb-columns__stack-mobile uagb-columns__valign-undefined uagb-columns__gap-10 alignfull uagb-block-376c25cd\"><div class=\"uagb-columns__overlay\"><\/div><div class=\"uagb-columns__shape uagb-columns__shape-top\"><svg xmlns=\"http:\/\/www.w3.org\/2000\/svg\" viewbox=\"0 0 1000 100\" preserveaspectratio=\"none\"><path class=\"uagb-columns__shape-fill\" d=\"M0,0c0,0,0,6,0,6.7c0,18,240.2,93.6,615.2,92.6C989.8,98.5,1000,25,1000,6.7c0-0.7,0-6.7,0-6.7H0z\"><\/path><\/svg><\/div><div class=\"uagb-columns__inner-wrap uagb-columns__columns-1\">\n<div class=\"wp-block-uagb-column uagb-column__wrap uagb-column__background-none uagb-block-7892c502\"><div class=\"uagb-column__overlay\"><\/div><div class=\"uagb-column__inner-wrap\">\n<p><\/p>\n<\/div><\/div>\n<\/div><\/section>\n\n\n\n<p><\/p>\n","protected":false},"excerpt":{"rendered":"","protected":false},"author":1,"featured_media":0,"parent":0,"menu_order":0,"comment_status":"closed","ping_status":"open","template":"","meta":{"ub_ctt_via":""},"featured_image_src":null,"uagb_featured_image_src":{"full":false,"thumbnail":false,"medium":false,"medium_large":false,"large":false,"1536x1536":false,"2048x2048":false},"uagb_author_info":{"display_name":"admin","author_link":"https:\/\/www.glaxes.com\/de\/author\/admin\/"},"uagb_comment_info":0,"uagb_excerpt":null,"yoast_head":"<!-- This site is optimized with the Yoast SEO plugin v15.1.1 - https:\/\/yoast.com\/wordpress\/plugins\/seo\/ -->\n<title>Impressum \u2013 GLAXES, Wir sind Online-Marktforschung<\/title>\n<meta name=\"description\" content=\"Das Impressum von Glaxes.com - Marktforschung bei der Sie wirklich mitwirken - Kostenlos anmelden und Geld verdienen!\" \/>\n<meta name=\"robots\" content=\"index, follow, max-snippet:-1, max-image-preview:large, max-video-preview:-1\" \/>\n<link rel=\"canonical\" href=\"https:\/\/www.glaxes.com\/de\/imprint\/\" \/>\n<meta property=\"og:locale\" content=\"de_DE\" \/>\n<meta property=\"og:type\" content=\"article\" \/>\n<meta property=\"og:title\" content=\"Impressum \u2013 GLAXES, Wir sind Online-Marktforschung\" \/>\n<meta property=\"og:description\" content=\"Das Impressum von Glaxes.com - Marktforschung bei der Sie wirklich mitwirken - Kostenlos anmelden und Geld verdienen!\" \/>\n<meta property=\"og:url\" content=\"https:\/\/www.glaxes.com\/de\/imprint\/\" \/>\n<meta property=\"og:site_name\" content=\"GLAXES\" \/>\n<meta property=\"article:modified_time\" content=\"2020-10-15T13:10:00+00:00\" \/>\n<meta property=\"og:image\" content=\"https:\/\/www.glaxes.com\/de\/wp-content\/uploads\/2020\/10\/logo.png\" \/>\n\t<meta property=\"og:image:width\" content=\"256\" \/>\n\t<meta property=\"og:image:height\" content=\"256\" \/>\n<meta name=\"twitter:card\" content=\"summary_large_image\" \/>\n<meta name=\"twitter:title\" content=\"Impressum \u2013 GLAXES, Wir sind Online-Marktforschung\" \/>\n<meta name=\"twitter:description\" content=\"Das Impressum von Glaxes.com - Marktforschung bei der Sie wirklich mitwirken - Kostenlos anmelden und Geld verdienen!\" \/>\n<meta name=\"twitter:image\" content=\"https:\/\/www.glaxes.com\/de\/wp-content\/uploads\/2020\/10\/logo.png\" \/>\n<script type=\"application\/ld+json\" class=\"yoast-schema-graph\">{\"@context\":\"https:\/\/schema.org\",\"@graph\":[{\"@type\":\"WebSite\",\"@id\":\"https:\/\/www.glaxes.com\/de\/#website\",\"url\":\"https:\/\/www.glaxes.com\/de\/\",\"name\":\"GLAXES\",\"description\":\"Wir sind Online-Marktforschung\",\"potentialAction\":[{\"@type\":\"SearchAction\",\"target\":\"https:\/\/www.glaxes.com\/de\/?s={search_term_string}\",\"query-input\":\"required name=search_term_string\"}],\"inLanguage\":\"de-DE\"},{\"@type\":\"WebPage\",\"@id\":\"https:\/\/www.glaxes.com\/de\/imprint\/#webpage\",\"url\":\"https:\/\/www.glaxes.com\/de\/imprint\/\",\"name\":\"Impressum \\u2013 GLAXES, Wir sind Online-Marktforschung\",\"isPartOf\":{\"@id\":\"https:\/\/www.glaxes.com\/de\/#website\"},\"datePublished\":\"2020-10-08T16:17:53+00:00\",\"dateModified\":\"2020-10-15T13:10:00+00:00\",\"description\":\"Das Impressum von Glaxes.com - Marktforschung bei der Sie wirklich mitwirken - Kostenlos anmelden und Geld verdienen!\",\"inLanguage\":\"de-DE\",\"potentialAction\":[{\"@type\":\"ReadAction\",\"target\":[\"https:\/\/www.glaxes.com\/de\/imprint\/\"]}]}]}<\/script>\n<!-- \/ Yoast SEO plugin. -->","_links":{"self":[{"href":"https:\/\/www.glaxes.com\/de\/wp-json\/wp\/v2\/pages\/110"}],"collection":[{"href":"https:\/\/www.glaxes.com\/de\/wp-json\/wp\/v2\/pages"}],"about":[{"href":"https:\/\/www.glaxes.com\/de\/wp-json\/wp\/v2\/types\/page"}],"author":[{"embeddable":true,"href":"https:\/\/www.glaxes.com\/de\/wp-json\/wp\/v2\/users\/1"}],"replies":[{"embeddable":true,"href":"https:\/\/www.glaxes.com\/de\/wp-json\/wp\/v2\/comments?post=110"}],"version-history":[{"count":7,"href":"https:\/\/www.glaxes.com\/de\/wp-json\/wp\/v2\/pages\/110\/revisions"}],"predecessor-version":[{"id":354,"href":"https:\/\/www.glaxes.com\/de\/wp-json\/wp\/v2\/pages\/110\/revisions\/354"}],"wp:attachment":[{"href":"https:\/\/www.glaxes.com\/de\/wp-json\/wp\/v2\/media?parent=110"}],"curies":[{"name":"wp","href":"https:\/\/api.w.org\/{rel}","templated":true}]}}