{"id":108,"date":"2020-10-08T18:15:42","date_gmt":"2020-10-08T16:15:42","guid":{"rendered":"http:\/\/dev.fabiodoppio.de\/glaxes\/?page_id=108"},"modified":"2020-10-15T15:15:20","modified_gmt":"2020-10-15T13:15:20","slug":"terms","status":"publish","type":"page","link":"https:\/\/www.glaxes.com\/de\/terms\/","title":{"rendered":"Teilnahmebedingungen"},"content":{"rendered":"\n<section class=\"wp-block-uagb-columns uagb-columns__wrap uagb-columns__background-none uagb-columns__stack-mobile uagb-columns__valign-top uagb-columns__gap-10 alignfull uagb-block-a2ba3794\"><div class=\"uagb-columns__overlay\"><\/div><div class=\"uagb-columns__inner-wrap uagb-columns__columns-1\">\n<div class=\"wp-block-uagb-column uagb-column__wrap uagb-column__background-undefined uagb-block-6a4382d3\"><div class=\"uagb-column__overlay\"><\/div><div class=\"uagb-column__inner-wrap\">\n<div class=\"wp-block-uagb-advanced-heading uagb-block-0af8d5be\" id=\"0-glaxes-marktforschung-bei-der-sie-wirklich-mitwirken\"><h1 class=\"uagb-heading-text\">Terms and Conditions<br>GLAXES<\/h1><p class=\"uagb-desc-text\"><\/p><\/div>\n\n\n\n<div class=\"wp-block-buttons\">\n<div class=\"wp-block-button\"><a class=\"wp-block-button__link\" href=\"https:\/\/www.glaxes.com\/de\/login\/\">Login<\/a><\/div>\n\n\n\n<div class=\"wp-block-button is-style-fill\"><a class=\"wp-block-button__link\" href=\"https:\/\/www.glaxes.com\/de\/regist\/\">Zur Registrierung<\/a><\/div>\n<\/div>\n<\/div><\/div>\n<\/div><div class=\"uagb-columns__shape uagb-columns__shape-bottom\" data-negative=\"false\"><svg xmlns=\"http:\/\/www.w3.org\/2000\/svg\" viewbox=\"0 0 1000 100\" preserveaspectratio=\"none\"><path class=\"uagb-columns__shape-fill\" d=\"M0,0c0,0,0,6,0,6.7c0,18,240.2,93.6,615.2,92.6C989.8,98.5,1000,25,1000,6.7c0-0.7,0-6.7,0-6.7H0z\"><\/path><\/svg><\/div><\/section>\n\n\n\n<section class=\"wp-block-uagb-columns uagb-columns__wrap uagb-columns__background-color uagb-columns__stack-mobile uagb-columns__valign-undefined uagb-columns__gap-10 alignfull uagb-block-9f258569\"><div class=\"uagb-columns__overlay\"><\/div><div class=\"uagb-columns__inner-wrap uagb-columns__columns-1\">\n<div class=\"wp-block-uagb-column uagb-column__wrap uagb-column__background-undefined uagb-block-fc46cb2a\"><div class=\"uagb-column__overlay\"><\/div><div class=\"uagb-column__inner-wrap\">\n<h2 class=\"has-text-align-center\" id=\"1-%C3%BCber-glaxes\">AGB<\/h2>\n\n\n\n<p>www.glaxes.com ist ein Angebot der Firma Untiedt Research GmbH. Untiedt Research \/ www.glaxes.com befassen sich mit der Durchf\u00fchrung von Datenerhebungen zum Zwecke der Marktforschung. Hierf\u00fcr haben Personen die M\u00f6glichkeit sich auf www.glaxes.com anzumelden und dort ein Profil zu hinterlegen.<\/p>\n\n\n\n<p>1. Mit der Anmeldung bei www.glaxes.com willigt der angemeldete Teilnehmer ein, zu Befragungen eingeladen zu werden.<\/p>\n\n\n\n<p>2. Die Anmeldung bei www.glaxes.com verpflichtet den angemeldeten Testteilnehmer nicht zur Testteilnahme. Der angemeldete Tester kann bei jedem neuen Testaufruf frei entscheiden, ob er teilnehmen m\u00f6chte oder nicht.<\/p>\n\n\n\n<p>3. Der angemeldete Tester kann seine Anmeldung bei www.glaxes.com jederzeit ohne Angabe von Gr\u00fcnden widerrufen bzw. l\u00f6schen. Der Tester kann die Mitgliedschaft beenden, indem er sich in sein Mitgliedskonto einloggt und unter &#8222;Stammdaten&#8220; auf &#8222;Mitgliedschaft beenden&#8220; dr\u00fcckt. Die Abmeldeoption wird durch einen Link in jeder Einladungsemail bereit gestellt. Er hat zu akzeptieren, dass innerhalb einer angemessenen Bearbeitungsfrist dennoch Einladungen zu Tests versendet werden.<\/p>\n\n\n\n<p>4. Der Log-In erm\u00f6glicht unbefristeten Zugriff auf das Mitgliedskonto bei www.glaxes.com zum Zwecke der \u00c4nderung der gespeicherten Daten sowie zum L\u00f6schen der Mitgliedschaft. Nach der Anmeldung erh\u00e4lt der Tester die individuellen Zugangsdaten und hat Zugriff auf sein Konto.<\/p>\n\n\n\n<p>5. Der bei www.glaxes.com angemeldete Tester hat keinen Anspruch auf die Teilnahme an einer bestimmten Anzahl von Tests. Die Anzahl der Testaufrufe h\u00e4ngt von der Art der bei www.glaxes.com eingehenden Auftr\u00e4ge und von den soziodemografischen Daten des angemeldeten Testers ab. Eine Gew\u00e4hr \u00fcber die Teilnahme an Tests gibt es daher nicht. Es besteht auch kein Anspruch auf eine Anmeldung als Tester bei www.glaxes.com .<\/p>\n\n\n\n<p>6. Aus Gr\u00fcnden der Qualit\u00e4t akzeptiert www.glaxes.com nur eine Anmeldung pro e-Mail-Adresse.<\/p>\n\n\n\n<p>7. Die Einrichtung mehrerer Konten mithilfe verschiedener E-Mail-Adressen ist nicht gestattet. Jede Person darf sich nur einmal anmelden. www.glaxes.com beh\u00e4lt sich das Recht vor Doppelanmelder zu l\u00f6schen und ggf. auch von weiteren Registrierungen auszuschlie\u00dfen. Es besteht kein Anspruch auf Wiederherstellung eines gel\u00f6schten Kontos.<\/p>\n\n\n\n<p>8. Jeder angemeldete Tester kann nach einem Testaufruf nur einmal an dem aufgerufenen Test teilnehmen. Dies gilt auch, falls der Tester mehrere Einladungen f\u00fcr einen Test erh\u00e4lt.<\/p>\n\n\n\n<p>9. Teilnehmer, die wiederholt versuchen, widerrechtlich an Tests mehrfach teilzunehmen, k\u00f6nnen durch www.glaxes.com von der Teilnahme an zuk\u00fcnftigen Tests gesperrt werden. Eine Aufhebung der Sperrung ist nicht m\u00f6glich.<\/p>\n\n\n\n<p>10. Wenn www.glaxes.com die Mitgliedschaft eines Testers aus Gr\u00fcnden, die in der Person des Testers liegen (widerrechtliche Doppeltanmeldung, wissentlich falsche Angaben bei der Registrierung, Mehrfachteilnahme an einem Test), beendet, verf\u00e4llt das gesamte bis zu diesem Zeitpunkt angesammelte Guthaben.<\/p>\n\n\n\n<p>11. Vor jedem Test wird der angemeldete Tester \u00fcber die voraussichtliche Dauer des Tests und \u00fcber die Verg\u00fctung informiert. Die voraussichtliche Testdauer wird von www.glaxes.com durch einen internen Pretest gesch\u00e4tzt. Die individuelle Testdauer f\u00fcr den einzelnen Testers kann nat\u00fcrlich davon abweichen. www.glaxes.com zahlt in jedem Fall nur die vorher angegebene Verg\u00fctung, auch wenn die von www.glaxes.com gesch\u00e4tzte Testdauer durch den einzelnen angemeldeten Tester \u00fcberschritten wird.<\/p>\n\n\n\n<p>12. Verg\u00fctet werden nur vollst\u00e4ndig abgeschlossene Interviews. Ma\u00dfgeblich ist die Hauptbefragung und nicht die Vorabbefragung zur Feststellung der Eignung des Testers f\u00fcr die Hauptbefragung.<\/p>\n\n\n\n<p>13.www.glaxes.com \u00fcbertr\u00e4gt die zuvor angegebene Verg\u00fctung auf das Mitgliedskonto des Testers. Die Verg\u00fctung erfolgt in Punkten, die eine G\u00fcltigkeitsdauer von 2 Jahren haben.<\/p>\n\n\n\n<p>14. Wenn Auszahlungsminimum erreicht wird, kann der angemeldete Tester sich das Guthaben auszahlen lassen. Die aktuellen M\u00f6glichkeiten zum Eintauschen oder Auszahlen k\u00f6nnen im Pr\u00e4mienshop eingesehen werden. Eine Auszahlung von geringeren Betr\u00e4gen ist nicht m\u00f6glich.<\/p>\n\n\n\n<p>15. Geht eine Auszahlung aufgrund fehlerhafter Angaben seitens des Testers verloren, besteht kein Anspruch auf erneute Auszahlung. Entstehen bei der Auszahlung Geb\u00fchren, muss der Tester diese Geb\u00fchren tragen.<\/p>\n\n\n\n<p>16. Wenn ein Tester seine Mitgliedschaft bei www.glaxes.com l\u00f6scht bzw. widerruft, kann er sich sein Guthaben auszahlen lassen, sofern das Auszahlungsminimum erreicht wurde. Geringere Betr\u00e4ge verfallen.<\/p>\n\n\n\n<p>17. Zur Teilnahme an Tests sind nur angemeldete Tester zugelassen, die einen Testaufruf von www.glaxes.com erhalten haben. Angaben von Testern, die sich ohne vorherige Anmeldung oder ohne Aufruf an Tests beteiligen, werden in der Analyse nicht ber\u00fccksichtigt und daher auch nicht honoriert.<\/p>\n\n\n\n<p>18. F\u00fcr jeden Test sind bestimmte Fristen angegeben. www.glaxes.com beh\u00e4lt es sich vor, Interviews, die nach Ablauf dieser Frist ausgef\u00fcllt werden nicht in der Auswertung zu ber\u00fccksichtigen und daher auch nicht zu verg\u00fcten.<\/p>\n\n\n\n<p>19. Personen, die in den Bereichen Marktforschung, Marketing und Presse arbeiten, sind grunds\u00e4tzlich von allen Tests ausgeschlossen.<\/p>\n\n\n\n<p>20. www.glaxes.com gibt keinerlei Adressdaten an seine Auftraggeber oder an dritte Personen weiter. Die Auftraggeber von www.glaxes.com erhalten nur Auswertungen und Analysen in aggregierter Form (z.B. Tabellen, Charts) \u2013 R\u00fcckschl\u00fcsse auf einzelne Tester sind somit nicht m\u00f6glich. Dar\u00fcber hinaus gelten die in der deutschen Marktforschung von BVM und ADM definierten Datenschutzregeln.<\/p>\n\n\n\n<p>21. Durch die Anmeldung bei www.glaxes.com willigt der Tester in die Erhebung, Verarbeitung und Nutzung seiner pers\u00f6nlichen Daten zum Zwecke der Markt- und Meinungsforschung ein.<\/p>\n\n\n\n<p>22. www.glaxes.com beh\u00e4lt sich das Recht vor, die Rechte und Pflichten aus der Mitgliedschaft bei www.glaxes.com f\u00fcr einzelne Tests anderen Marktforschungsinstituten zug\u00e4nglich zu machen, sofern dies nicht zu Ungunsten des Testers geschieht. Diese Institute d\u00fcrfen die von den Mitgliedern bei www.glaxes.com erhobenen Daten ausschlie\u00dflich zum Zwecke der Markt- und Meinungsforschung verwenden.<\/p>\n\n\n\n<p>23. www.glaxes.com kooperiert auch mit anderen Marktforschungsinstituten. Daher werden bei www.glaxes.com angemeldete Tester auch zu Befragungen eingeladen, deren inhaltliche Gestaltung und Durchf\u00fchrung vollst\u00e4ndig in der Hand der kooperierenden Institute liegt. Die Verg\u00fctung erfolgt aber in jedem Fall \u00fcber www.glaxes.com .<\/p>\n\n\n\n<p>24. www.glaxes.com beh\u00e4lt sich das Recht vor, die Webseite, Teile der Webseite sowie das gesamte Angebot jederzeit und ohne Ank\u00fcndigung zu ver\u00e4ndern, zu erg\u00e4nzen, zu l\u00f6schen oder endg\u00fcltig einzustellen.<\/p>\n\n\n\n<p>25. Sollten einzelne Bestimmungen der soweit definierten Regeln unwirksam oder nichtig sein oder werden, so ber\u00fchrt dies die G\u00fcltigkeit der \u00fcbrigen Bestimmungen dieses Vertrages nicht.<\/p>\n<\/div><\/div>\n<\/div><\/section>\n\n\n\n<section class=\"wp-block-uagb-columns uagb-columns__wrap uagb-columns__background-color uagb-columns__stack-mobile uagb-columns__valign-undefined uagb-columns__gap-10 alignfull uagb-block-1bbb25bf\"><div class=\"uagb-columns__overlay\"><\/div><div class=\"uagb-columns__shape uagb-columns__shape-top\"><svg xmlns=\"http:\/\/www.w3.org\/2000\/svg\" viewbox=\"0 0 1000 100\" preserveaspectratio=\"none\"><path class=\"uagb-columns__shape-fill\" d=\"M0,0c0,0,0,6,0,6.7c0,18,240.2,93.6,615.2,92.6C989.8,98.5,1000,25,1000,6.7c0-0.7,0-6.7,0-6.7H0z\"><\/path><\/svg><\/div><div class=\"uagb-columns__inner-wrap uagb-columns__columns-1\">\n<div class=\"wp-block-uagb-column uagb-column__wrap uagb-column__background-none uagb-block-32b0b555\"><div class=\"uagb-column__overlay\"><\/div><div class=\"uagb-column__inner-wrap\">\n<p><\/p>\n<\/div><\/div>\n<\/div><\/section>\n\n\n\n<p><\/p>\n","protected":false},"excerpt":{"rendered":"","protected":false},"author":1,"featured_media":0,"parent":0,"menu_order":0,"comment_status":"closed","ping_status":"open","template":"","meta":{"ub_ctt_via":""},"featured_image_src":null,"uagb_featured_image_src":{"full":false,"thumbnail":false,"medium":false,"medium_large":false,"large":false,"1536x1536":false,"2048x2048":false},"uagb_author_info":{"display_name":"admin","author_link":"https:\/\/www.glaxes.com\/de\/author\/admin\/"},"uagb_comment_info":0,"uagb_excerpt":null,"yoast_head":"<!-- This site is optimized with the Yoast SEO plugin v15.1.1 - https:\/\/yoast.com\/wordpress\/plugins\/seo\/ -->\n<title>Teilnahmebedingungen f\u00fcr Onlineumfragen bei Glaxes.com<\/title>\n<meta name=\"description\" content=\"Marktforschung bei der Sie wirklich mitwirken - Wir machen seri\u00f6se Marktforschung &amp; Ihre Meinung ist bares Geld wert! Anmelden &amp; Verdienen!\" \/>\n<meta name=\"robots\" content=\"index, follow, max-snippet:-1, max-image-preview:large, max-video-preview:-1\" \/>\n<link rel=\"canonical\" href=\"https:\/\/www.glaxes.com\/de\/terms\/\" \/>\n<meta property=\"og:locale\" content=\"de_DE\" \/>\n<meta property=\"og:type\" content=\"article\" \/>\n<meta property=\"og:title\" content=\"Teilnahmebedingungen f\u00fcr Onlineumfragen bei Glaxes.com\" \/>\n<meta property=\"og:description\" content=\"Marktforschung bei der Sie wirklich mitwirken - Wir machen seri\u00f6se Marktforschung &amp; Ihre Meinung ist bares Geld wert! Anmelden &amp; Verdienen!\" \/>\n<meta property=\"og:url\" content=\"https:\/\/www.glaxes.com\/de\/terms\/\" \/>\n<meta property=\"og:site_name\" content=\"GLAXES\" \/>\n<meta property=\"article:modified_time\" content=\"2020-10-15T13:15:20+00:00\" \/>\n<meta property=\"og:image\" content=\"https:\/\/www.glaxes.com\/de\/wp-content\/uploads\/2020\/10\/logo.png\" \/>\n\t<meta property=\"og:image:width\" content=\"256\" \/>\n\t<meta property=\"og:image:height\" content=\"256\" \/>\n<meta name=\"twitter:card\" content=\"summary_large_image\" \/>\n<meta name=\"twitter:title\" content=\"Teilnahmebedingungen f\u00fcr Onlineumfragen bei Glaxes.com\" \/>\n<meta name=\"twitter:description\" content=\"Marktforschung bei der Sie wirklich mitwirken - Wir machen seri\u00f6se Marktforschung &amp; Ihre Meinung ist bares Geld wert! Anmelden &amp; Verdienen!\" \/>\n<meta name=\"twitter:image\" content=\"https:\/\/www.glaxes.com\/de\/wp-content\/uploads\/2020\/10\/logo.png\" \/>\n<script type=\"application\/ld+json\" class=\"yoast-schema-graph\">{\"@context\":\"https:\/\/schema.org\",\"@graph\":[{\"@type\":\"WebSite\",\"@id\":\"https:\/\/www.glaxes.com\/de\/#website\",\"url\":\"https:\/\/www.glaxes.com\/de\/\",\"name\":\"GLAXES\",\"description\":\"Wir sind Online-Marktforschung\",\"potentialAction\":[{\"@type\":\"SearchAction\",\"target\":\"https:\/\/www.glaxes.com\/de\/?s={search_term_string}\",\"query-input\":\"required name=search_term_string\"}],\"inLanguage\":\"de-DE\"},{\"@type\":\"WebPage\",\"@id\":\"https:\/\/www.glaxes.com\/de\/terms\/#webpage\",\"url\":\"https:\/\/www.glaxes.com\/de\/terms\/\",\"name\":\"Teilnahmebedingungen f\\u00fcr Onlineumfragen bei Glaxes.com\",\"isPartOf\":{\"@id\":\"https:\/\/www.glaxes.com\/de\/#website\"},\"datePublished\":\"2020-10-08T16:15:42+00:00\",\"dateModified\":\"2020-10-15T13:15:20+00:00\",\"description\":\"Marktforschung bei der Sie wirklich mitwirken - Wir machen seri\\u00f6se Marktforschung & Ihre Meinung ist bares Geld wert! Anmelden & Verdienen!\",\"inLanguage\":\"de-DE\",\"potentialAction\":[{\"@type\":\"ReadAction\",\"target\":[\"https:\/\/www.glaxes.com\/de\/terms\/\"]}]}]}<\/script>\n<!-- \/ Yoast SEO plugin. -->","_links":{"self":[{"href":"https:\/\/www.glaxes.com\/de\/wp-json\/wp\/v2\/pages\/108"}],"collection":[{"href":"https:\/\/www.glaxes.com\/de\/wp-json\/wp\/v2\/pages"}],"about":[{"href":"https:\/\/www.glaxes.com\/de\/wp-json\/wp\/v2\/types\/page"}],"author":[{"embeddable":true,"href":"https:\/\/www.glaxes.com\/de\/wp-json\/wp\/v2\/users\/1"}],"replies":[{"embeddable":true,"href":"https:\/\/www.glaxes.com\/de\/wp-json\/wp\/v2\/comments?post=108"}],"version-history":[{"count":6,"href":"https:\/\/www.glaxes.com\/de\/wp-json\/wp\/v2\/pages\/108\/revisions"}],"predecessor-version":[{"id":357,"href":"https:\/\/www.glaxes.com\/de\/wp-json\/wp\/v2\/pages\/108\/revisions\/357"}],"wp:attachment":[{"href":"https:\/\/www.glaxes.com\/de\/wp-json\/wp\/v2\/media?parent=108"}],"curies":[{"name":"wp","href":"https:\/\/api.w.org\/{rel}","templated":true}]}}