{"id":105,"date":"2020-10-08T18:13:51","date_gmt":"2020-10-08T16:13:51","guid":{"rendered":"http:\/\/dev.fabiodoppio.de\/glaxes\/?page_id=105"},"modified":"2021-03-01T15:19:22","modified_gmt":"2021-03-01T14:19:22","slug":"privacy","status":"publish","type":"page","link":"https:\/\/www.glaxes.com\/de\/privacy\/","title":{"rendered":"Datenschutz"},"content":{"rendered":"\n<section class=\"wp-block-uagb-columns uagb-columns__wrap uagb-columns__background-none uagb-columns__stack-mobile uagb-columns__valign-top uagb-columns__gap-10 alignfull uagb-block-bbae19de\"><div class=\"uagb-columns__overlay\"><\/div><div class=\"uagb-columns__inner-wrap uagb-columns__columns-1\">\n<div class=\"wp-block-uagb-column uagb-column__wrap uagb-column__background-undefined uagb-block-cb3c493d\"><div class=\"uagb-column__overlay\"><\/div><div class=\"uagb-column__inner-wrap\">\n<div class=\"wp-block-uagb-advanced-heading uagb-block-25ab59e7\" id=\"0-glaxes-marktforschung-bei-der-sie-wirklich-mitwirken\"><h1 class=\"uagb-heading-text\">Datenschutz bei<br>GLAXES<\/h1><p class=\"uagb-desc-text\"><\/p><\/div>\n\n\n\n<div class=\"wp-block-buttons\">\n<div class=\"wp-block-button\"><a class=\"wp-block-button__link\" href=\"https:\/\/www.glaxes.com\/de\/login\/\">Login<\/a><\/div>\n\n\n\n<div class=\"wp-block-button is-style-fill\"><a class=\"wp-block-button__link\" href=\"https:\/\/www.glaxes.com\/de\/regist\/\">Zur Registrierung<\/a><\/div>\n<\/div>\n<\/div><\/div>\n<\/div><div class=\"uagb-columns__shape uagb-columns__shape-bottom\" data-negative=\"false\"><svg xmlns=\"http:\/\/www.w3.org\/2000\/svg\" viewbox=\"0 0 1000 100\" preserveaspectratio=\"none\"><path class=\"uagb-columns__shape-fill\" d=\"M0,0c0,0,0,6,0,6.7c0,18,240.2,93.6,615.2,92.6C989.8,98.5,1000,25,1000,6.7c0-0.7,0-6.7,0-6.7H0z\"><\/path><\/svg><\/div><\/section>\n\n\n\n<section class=\"wp-block-uagb-columns uagb-columns__wrap uagb-columns__background-color uagb-columns__stack-mobile uagb-columns__valign-undefined uagb-columns__gap-10 alignfull uagb-block-9b25812c\"><div class=\"uagb-columns__overlay\"><\/div><div class=\"uagb-columns__inner-wrap uagb-columns__columns-1\">\n<div class=\"wp-block-uagb-column uagb-column__wrap uagb-column__background-undefined uagb-block-f3c32f55\"><div class=\"uagb-column__overlay\"><\/div><div class=\"uagb-column__inner-wrap\">\n<h2 class=\"has-text-align-center\" id=\"1-%C3%BCber-glaxes\">Datenschutz<\/h2>\n\n\n\n<p>Datenschutzbestimmungen G\u00fcltig ab 24.06.2018<\/p>\n\n\n\n<p>Untiedt Research GmbH (UR), eine Gesellschaft des deutschen Rechts, ist Eigent\u00fcmer und Betreiber dieser Webseite (Seite) www.glaxes.com. Das Verbraucherpanel glaxes.com von Untiedt Research bietet Privatpersonen die M\u00f6glichkeit sich freiwillig auf der Seite zu registrieren (Panel-Mitglieder, Nutzer) und nach vorheriger Einladung, an Umfragen teilzunehmen. Die Umfragen werden von UR oder von Drittanbietern durchgef\u00fchrt. Die Teilnahme an Umfragen wird unter bestimmten Voraussetzungen von UR entlohnt (Verg\u00fctung).<\/p>\n\n\n\n<p>Die folgenden Datenschutzbestimmungen stellen eine Erg\u00e4nzung zu unseren Teilnahmebedingungen dar und beschreiben die Erhebung, Verarbeitung und Nutzung von personenbezogenen Daten oder anderen Daten, die UR von den Panel-Mitgliedern zur Verf\u00fcgung gestellt werden. Durch die Registrierung bei glaxes.com.de und Nutzung der Seite erkl\u00e4ren sich die Mitglieder mit den Teilnahmebedingungen und den Datenschutzbestimmungen einverstanden. Alle Server, auf denen UR personenbezogene Daten speichert, haben ihren Standort in Deutschland und werden von einem deutschen IT-Dienstleistungsunternehmen gewartet. UR h\u00e4lt sich im Umgang mit den erhobenen Daten an das deutsche Bundesdatenschutzgesetz (BDSG) und setzt dabei die Datenschutzrichtlinie (Richtlinie 95\/46\/EG) um. Datensicherheit<\/p>\n\n\n\n<p>Die erhobenen Informationen werden von UR durch Sicherheitsma\u00dfnahmen vor Verlust, Missbrauch und Ver\u00e4nderungen der Daten gesch\u00fctzt. Trotz Kontrollen und Sicherheitsma\u00dfnahmen stellt die \u00dcbermittlung von Daten im Internet immer ein gewisses Risiko dar. Zum Schutz Ihrer Daten bewahren Sie Ihr Passwort gut auf und teilen Sie es mit Niemandem.<\/p>\n\n\n\n<p><\/p>\n\n\n\n<h2>Erfassung, Nutzung und Verarbeitung von Daten Personenbezogene Daten<\/h2>\n\n\n\n<p>Bei der Registrierung auf der Seite werden personenbezogene Daten (vollst\u00e4ndiger Name, Emailadresse, Adresse, Geburtsdatum, Postleitzahl, Geschlecht, Familienstand und Bildungsniveau) erhoben und gespeichert. Weitere personenbezogene Angaben, die zur Vervollst\u00e4ndigung Ihres Profils dienen, k\u00f6nnen freiwillig zur Verf\u00fcgung gestellt werden. Weiterhin k\u00f6nnen durch Umfragen sensible Daten (wie gesundheitliche Verfassung, politische Einstellungen, Gewerkschaftszugeh\u00f6rigkeit, sexuelle Orientierung und Sexualleben, ethnische Herkunft) abgefragt werden. Die soeben beschriebenen Daten werden ausschlie\u00dflich zum Zwecke der Markt- und Meinungsforschung erhoben und verwendet. Die erhobenen Informationen dienen dazu, eine Datenbank mit Personen, die an Umfragen oder an Marktforschungsprojekten teilnehmen m\u00f6chten, aufzubauen. Durch die erhobenen Informationen sollen Einladungen zu Umfragen m\u00f6glichst passgenau versendet werden, um die Mitglieder nicht zu oft vergeblich einzuladen. Daten die w\u00e4hrend einer Umfrage erhoben werden, wertet UR ausschlie\u00dflich in aggregierter Form aus, sodass keine R\u00fcckschl\u00fcsse auf einzelne Personen m\u00f6glich sind. <\/p>\n\n\n\n<p>Glaxes.com kann Ihre pers\u00f6nlichen Informationen und\/oder soziodemografischen Informationen, einschlie\u00dflich, ohne Einschr\u00e4nkung, eine eindeutige Identifikationsnummer (unique identification number, \u201eUID\u201c), Postleitzahl, Region, Bundesland, Geschlecht, Familienstand, Bildung, ethnische Zugeh\u00f6rigkeit\/Rasse (soweit dies nach geltendem Recht zul\u00e4ssig ist), arbeitsbezogene Informationen, nicht personenbezogene Daten von Haushaltsmitgliedern, Nutzung und Eigentum von Verbraucherprodukten und -diensten (z. B. Computer, Autos, mobile Ger\u00e4te, Videospiele usw.), Wohneigentum, Haustierbesitz, Besch\u00e4ftigungsinformationen (z. B. Berufstitel, Position, Reisen, Branche usw.) und soziale Schicht, mit Drittanbieter-Marktforschungsunternehmen (jeweils einzeln ein \u201eMR-Unternehmen Dritter\u201c und zusammen die \u201eMR-Unternehmen Dritter\u201c) f\u00fcr folgende Zwecke teilen:<\/p>\n\n\n\n<p><\/p>\n\n\n\n<ol><li>Das Identifizieren von Kundenbefragungsm\u00f6glichkeiten, f\u00fcr die Sie m\u00f6glicherweise \u00fcber die MR-Unternehmen von Drittanbietern infrage kommen; und<\/li><li>Weitergabe solcher Datenelemente an Kunden der MR-Unternehmen von Drittanbietern f\u00fcr Publikumsmessdienste; und<\/li><li>Das Anf\u00fcgen solcher Datenelemente an abgeschlossene Kundenbefragungen und das Weiterleiten der angeh\u00e4ngten Umfragedaten an Kunden der MR-Firma\/-Firmen von Drittanbietern f\u00fcr Analyse- oder Forschungszwecke; und<\/li><li>Andere Verwendungen, wie in ihrer Datenschutzerkl\u00e4rung dargelegt.<\/li><\/ol>\n\n\n\n<p>Wenn Sie Anspruch auf eine Kundenbefragungsm\u00f6glichkeit haben, die von einer MR-Gesellschaft von Drittanbietern angeboten wird, wird die MR-Gesellschaft von Drittanbietern Ihre eindeutige Identifikationsnummer und einen Umfrage-Link an uns \u00fcbermitteln, und wir werden Sie zur Teilnahme an der Kundenbefragung per E-Mail einladen. Wir geben Ihren Namen, Ihre E-Mail-Adresse oder Telefonnummer nicht an die MR-Unternehmen von Drittanbietern weiter. In Verbindung mit der Weitergabe Ihrer Daten an ein MR-Unternehmen von Drittanbietern k\u00f6nnen Ihre Daten au\u00dferhalb Ihres Wohnsitzlandes \u00fcbertragen und gespeichert werden, einschlie\u00dflich, ohne Einschr\u00e4nkung, in den USA, und durch die Zustimmung zu dieser Datenschutzrichtlinie stimmen Sie der Verarbeitung und der Weitergabe Ihrer pers\u00f6nlichen Daten zu, wie in diesem Abschnitt dargelegt. Wenn Sie Fragen zu diesem Datenaustausch haben, wenden Sie sich bitte an unseren Datenschutzbeauftragen (l.ronnenberg@untiedt.de). Oder Sie k\u00f6nnen sich abmelden unter www.glaxes.com\/de\/login.html. Wenn Sie sich abmelden, liegt es in unserer Verantwortung, die MR-Unternehmen von Drittanbietern zu informieren. Bitte beachten Sie, dass Glaxes.com f\u00fcr die Verwaltung aller Abmeldungsanfragen verantwortlich ist. Ihre Teilnahme an solchen Umfragem\u00f6glichkeiten berechtigt Sie nicht zu irgendwelchen Vorteilen oder Mitgliedschaften, die von den MR-Firmen von Drittanbietern angeboten werden.<\/p>\n\n\n\n<p><\/p>\n\n\n\n<h2>Weitere erfasste Daten<\/h2>\n\n\n\n<p>Je nachdem welche Verg\u00fctung das Panel-Mitglied auf der Seite w\u00e4hlt, erhebt UR zum Zwecke der Entlohnung die Paypal-Adresse oder die Bankverbindung. Diese Daten werden ausschlie\u00dflich dazu genutzt, die versprochene Verg\u00fctung zu \u00fcbermitteln. Dabei beh\u00e4lt sich UR das Recht vor Emailadressen an Paypal (Europe) S.\u00e0.r.l. et Cie, S.C.A., 22-24 Boulevard Royal, L-2449 Luxembourg oder Paypal Tochterunternehmen oder externe Dienstleister zu \u00fcbermitteln, ausschlie\u00dflich um die zugesicherte Entlohnung zu gew\u00e4hrleisten. Angegebene Bankdaten werden niemals an Dritte weitergegeben, auch werden diese nicht dauerhaft gespeichert und m\u00fcssen deshalb bei jeder Bestellung neu angegeben werden.<\/p>\n\n\n\n<p><\/p>\n\n\n\n<h2>Automatisch erfasste Daten<\/h2>\n\n\n\n<p>UR erfasst automatisch beim Aufrufen eines Fragebogens bzw. der Webseite die IP-Adresse, den Browsertyp und das Betriebssystem, um technische Probleme bei der Nutzung unserer Seite oder Beantwortung der Umfragen zu identifizieren und zu beheben. UR hat die M\u00f6glichkeit, auf die Inhalte der Mitgliederkonten zuzugreifen. Dies dient lediglich dazu Mitgliederanfragen zu beantworten und technische Probleme zu l\u00f6sen. Wenn Sie Fragen zu der oben beschriebenen Nutzung und Verarbeitung von Daten haben oder allgemeine Fragen haben die unsere Datenschutzbestimmung betreffen, dann kontaktieren Sie uns gerne \u00fcber das Kontaktformular. Verwendung von Google Analytics<\/p>\n\n\n\n<p>Diese Website benutzt Google Analytics, einen Webanalysedienst der Google Inc. (\u201eGoogle\u201c). Google Analytics verwendet sog. \u201eCookies\u201c, Textdateien, die auf Ihrem Computer gespeichert werden und die eine Analyse der Benutzung der Website durch Sie erm\u00f6glichen. Die durch das Cookie erzeugten Informationen \u00fcber Ihre Benutzung dieser Website werden in der Regel an einen Server von Google in den USA \u00fcbertragen und dort gespeichert. Im Falle der Aktivierung der IP-Anonymisierung auf dieser Website wird Ihre IP-Adresse von Google jedoch innerhalb von Mitgliedstaaten der Europ\u00e4ischen Union oder in anderen Vertragsstaaten des Abkommens \u00fcber den Europ\u00e4ischen Wirtschaftsraum zuvor gek\u00fcrzt. Nur in Ausnahmef\u00e4llen wird die volle IP- Adresse an einen Server von Google in den USA \u00fcbertragen und dort gek\u00fcrzt. <\/p>\n\n\n\n<p>Im Auftrag des Betreibers dieser Website wird Google diese Informationen benutzen, um Ihre Nutzung der Website auszuwerten, um Reports \u00fcber die Websiteaktivit\u00e4ten zusammenzustellen und um weitere mit der Websitenutzung und der Internetnutzung verbundene Dienstleistungen gegen\u00fcber dem Websitebetreiber zu erbringen. Die im Rahmen von Google Analytics von Ihrem Browser \u00fcbermittelte IP-Adresse wird nicht mit anderen Daten von Google zusammengef\u00fchrt. Sie k\u00f6nnen die Speicherung der Cookies durch eine entsprechende Einstellung Ihrer Browser-Software verhindern; wir weisen Sie jedoch darauf hin, dass Sie in diesem Fall gegebenenfalls nicht s\u00e4mtliche Funktionen dieser Website vollumf\u00e4nglich werden nutzen k\u00f6nnen. Sie k\u00f6nnen dar\u00fcber hinaus die Erfassung der durch das Cookie erzeugten und auf Ihre Nutzung der Website bezogenen Daten (inkl. Ihrer IP- Adresse) an Google sowie die Verarbeitung dieser Daten durch Google verhindern, indem Sie das unter dem folgenden Link (http:\/\/tools.google.com\/dlpage\/gaoptout?hl=de) verf\u00fcgbare Browser-Plugin herunterladen und installieren. Wenn Sie die Erfassung von Google Analytics verhindern wollen, klicken Sie auf den folgenden Link. Damit wird ein Opt-Out-Cookie gesetzt, das die Erfassung Ihrer Daten beim Besuch dieser Website verhindert: Google Analytics deaktivieren Weitere Informationen zu Nutzungsbedingungen und Datenschutz finden Sie unter http:\/\/www.google.com\/analytics\/terms\/de.html bzw. unter https:\/\/www.google.de\/intl\/de\/policies\/. Auf dieser Website wurde Google Analytics um den Code \u201eanonymizeIp\u201c erweitert, der eine anonymisierte Erfassung von IP-Adressen sicher stellt. Mithilfe von Google Analytics nutzen wir Daten aus dem Double-Click-Cookie und Adwords zu statistischen Zwecken. Wenn Sie das nicht w\u00fcnschen, deaktivieren Sie das \u00fcber den Anzeigenvorgaben-Manager (http:\/\/www.google.com\/settings\/ads\/onweb\/?hl=de).<\/p>\n\n\n\n<p><\/p>\n\n\n\n<h2>Trustpilot<\/h2>\n\n\n\n<p>Zum Zweck der Bewertung durch den Kunden und der Qualit\u00e4tssicherung arbeiten wir mit Trustpilot (Trustpilot A\/S, Pilestr\u00e6de 58, 5, 1112 Kopenhagen, D\u00e4nemark \u2013 de.trustpilot.com) zusammen. Kunden haben hier die M\u00f6glichkeit nach Durchf\u00fchrung einer Registrierung eine Bewertung abzugeben. Eine Bewertungsaufforderung wird innerhalb von 14 Tagen nach einer Registrierung versendet. Dabei gelten die Bedingungen und Datenschutzbestimmungen von Trustpilot, ver\u00f6ffentlicht unter <a href=\"http:\/\/legal.trustpilot.de\/end-user-privacy-terms\">http:\/\/legal.trustpilot.de\/end-user-privacy-terms<\/a> und <a href=\"http:\/\/legal.trustpilot.de\/end-user-terms-and-conditions\">http:\/\/legal.trustpilot.de\/end-user-terms-and-conditions<\/a>. Sie haben jederzeit das Recht die Kundenbewertung nicht durchzuf\u00fchren. Mit Ihrer der Teilnahme an unseren Umfragen stimmen Sie einer elektronische Bewertungsaufforderung durch Trustpilot automatisch zu. Es steht Ihnen frei, diese Bewertungsaufforderung zu ignorieren.<\/p>\n\n\n\n<p>Rechtsgrundlage ist Art. 6 Abs. 1 lit. f DS-GVO. Unser berechtigtes Interesse liegt in der Qualit\u00e4tsverbesserung der angebotenen Umfragen.<\/p>\n\n\n\n<p><\/p>\n\n\n\n<h2>Verwendung von Cookies<\/h2>\n\n\n\n<p>Im Folgenden finden Sie eine Liste mit Cookies, die w\u00e4hrend des Besuches auf unserer Seite gespeichert werden. Sie k\u00f6nnen durch Einstellungen in Ihrem Browser die Annahme von Cookies ablehnen, allerdings k\u00f6nnen Sie dann unsere Seite nicht im vollen Umfang nutzen. Verwendung Name<\/p>\n\n\n\n<p><\/p>\n\n\n\n<h2>Das Werben von Panel-Mitgliedern<\/h2>\n\n\n\n<p>Mitglieder von glaxes.com haben die M\u00f6glichkeit, Freunden und Bekannten den Service von UR zu empfehlen. Daf\u00fcr wird die Email Adresse der Person erfragt, um eine einmalige Email zu verschicken, in der die Person eingeladen wird sich bei glaxes.com zu registrieren. Diese Email verschickt UR im Auftrag der werbenden Person. Die gespeicherten Email Adressen werden zu keinem anderen Zweck verwendet und k\u00f6nnen jederzeit auf Anfrage gel\u00f6scht werden.<\/p>\n\n\n\n<p><\/p>\n\n\n\n<h2>Zugang zum Mitgliedskonto<\/h2>\n\n\n\n<p>Alle Informationen die das Panel-Mitglied UR zur Verf\u00fcgung stellt, k\u00f6nnen in dem Panelkonto eingesehen und aktualisiert werden. Weiterhin k\u00f6nnen alle verf\u00fcgbaren Informationen von dem Mitglied bei UR angefragt werden. Auch die Beendigung der Mitgliedschaft ist jederzeit im eigenen Konto m\u00f6glich.<\/p>\n\n\n\n<p><\/p>\n\n\n\n<h2>Beendigung der Mitgliedschaft<\/h2>\n\n\n\n<p>Wenn keine Emails mehr gew\u00fcnscht sind und die Teilnahme an unserer Seite beendet werden soll, kann das zum einen durch die Abmeldefunktion im Mitgliedskonto geschehen. Zum anderen steht in der Einladungsemail ein Link f\u00fcr die Abmeldung bereit. Nach Beendigung der Mitgliedschaft werden die Daten noch weitere 4 Wochen in unserem System gespeichert, bis sie endg\u00fcltig aus dem System entfernt werden. Andere Wege die Mitgliedschaft zu beenden k\u00f6nnen Verz\u00f6gerungen von bis zu 4 Wochen verursachen.<\/p>\n\n\n\n<p><\/p>\n\n\n\n<h2>\u00c4nderungen der Datenschutzbestimmungen<\/h2>\n\n\n\n<p>UR beh\u00e4lt sich das Recht vor, die Datenschutzbestimmungen gegebenenfalls zu aktualisieren. Die ge\u00e4nderte Fassung wird auf dieser Seite ver\u00f6ffentlicht. \u00dcber gravierende \u00c4nderungen der Datennutzung werden Sie per Email informiert.<\/p>\n\n\n\n<h2><br>Cookies<\/h2>\n\n\n\n<script id=\"CookieDeclaration\" src=\"https:\/\/consent.cookiebot.com\/f4588890-3d98-4666-a8bd-57fbd437f26e\/cd.js\" type=\"text\/javascript\" async=\"\"><\/script>\n<\/div><\/div>\n<\/div><\/section>\n\n\n\n<section class=\"wp-block-uagb-columns uagb-columns__wrap uagb-columns__background-color uagb-columns__stack-mobile uagb-columns__valign-undefined uagb-columns__gap-10 alignfull uagb-block-e6f5145a\"><div class=\"uagb-columns__overlay\"><\/div><div class=\"uagb-columns__shape uagb-columns__shape-top\"><svg xmlns=\"http:\/\/www.w3.org\/2000\/svg\" viewbox=\"0 0 1000 100\" preserveaspectratio=\"none\"><path class=\"uagb-columns__shape-fill\" d=\"M0,0c0,0,0,6,0,6.7c0,18,240.2,93.6,615.2,92.6C989.8,98.5,1000,25,1000,6.7c0-0.7,0-6.7,0-6.7H0z\"><\/path><\/svg><\/div><div class=\"uagb-columns__inner-wrap uagb-columns__columns-1\">\n<div class=\"wp-block-uagb-column uagb-column__wrap uagb-column__background-none uagb-block-df15d661\"><div class=\"uagb-column__overlay\"><\/div><div class=\"uagb-column__inner-wrap\">\n<p><\/p>\n<\/div><\/div>\n<\/div><\/section>\n\n\n\n<p><\/p>\n","protected":false},"excerpt":{"rendered":"","protected":false},"author":1,"featured_media":81,"parent":0,"menu_order":0,"comment_status":"closed","ping_status":"open","template":"","meta":{"ub_ctt_via":""},"featured_image_src":"https:\/\/www.glaxes.com\/de\/wp-content\/uploads\/2020\/10\/goon.jpg","uagb_featured_image_src":{"full":["https:\/\/www.glaxes.com\/de\/wp-content\/uploads\/2020\/10\/goon.jpg",653,400,false],"thumbnail":["https:\/\/www.glaxes.com\/de\/wp-content\/uploads\/2020\/10\/goon-150x150.jpg",150,150,true],"medium":["https:\/\/www.glaxes.com\/de\/wp-content\/uploads\/2020\/10\/goon-300x184.jpg",300,184,true],"medium_large":["https:\/\/www.glaxes.com\/de\/wp-content\/uploads\/2020\/10\/goon.jpg",653,400,false],"large":["https:\/\/www.glaxes.com\/de\/wp-content\/uploads\/2020\/10\/goon.jpg",653,400,false],"1536x1536":["https:\/\/www.glaxes.com\/de\/wp-content\/uploads\/2020\/10\/goon.jpg",653,400,false],"2048x2048":["https:\/\/www.glaxes.com\/de\/wp-content\/uploads\/2020\/10\/goon.jpg",653,400,false]},"uagb_author_info":{"display_name":"admin","author_link":"https:\/\/www.glaxes.com\/de\/author\/admin\/"},"uagb_comment_info":0,"uagb_excerpt":null,"yoast_head":"<!-- This site is optimized with the Yoast SEO plugin v15.1.1 - https:\/\/yoast.com\/wordpress\/plugins\/seo\/ -->\n<title>Datenschutz \u2013 GLAXES, Wir sind Online-Marktforschung<\/title>\n<meta name=\"description\" content=\"Hier machen Nutzer Umfragen und Tests f\u00fcr ein Honorar. Datenschutz ist per DSGVO 2018 Gesetz - Wir halten uns daran!\" \/>\n<meta name=\"robots\" content=\"index, follow, max-snippet:-1, max-image-preview:large, max-video-preview:-1\" \/>\n<link rel=\"canonical\" href=\"https:\/\/www.glaxes.com\/de\/privacy\/\" \/>\n<meta property=\"og:locale\" content=\"de_DE\" \/>\n<meta property=\"og:type\" content=\"article\" \/>\n<meta property=\"og:title\" content=\"Datenschutz \u2013 GLAXES, Wir sind Online-Marktforschung\" \/>\n<meta property=\"og:description\" content=\"Hier machen Nutzer Umfragen und Tests f\u00fcr ein Honorar. Datenschutz ist per DSGVO 2018 Gesetz - Wir halten uns daran!\" \/>\n<meta property=\"og:url\" content=\"https:\/\/www.glaxes.com\/de\/privacy\/\" \/>\n<meta property=\"og:site_name\" content=\"GLAXES\" \/>\n<meta property=\"article:modified_time\" content=\"2021-03-01T14:19:22+00:00\" \/>\n<meta property=\"og:image\" content=\"https:\/\/www.glaxes.com\/de\/wp-content\/uploads\/2020\/10\/logo.png\" \/>\n\t<meta property=\"og:image:width\" content=\"256\" \/>\n\t<meta property=\"og:image:height\" content=\"256\" \/>\n<meta name=\"twitter:card\" content=\"summary_large_image\" \/>\n<meta name=\"twitter:title\" content=\"Datenschutz \u2013 GLAXES, Wir sind Online-Marktforschung\" \/>\n<meta name=\"twitter:description\" content=\"Hier machen Nutzer Umfragen und Tests f\u00fcr ein Honorar. Datenschutz ist per DSGVO 2018 Gesetz - Wir halten uns daran!\" \/>\n<meta name=\"twitter:image\" content=\"https:\/\/www.glaxes.com\/de\/wp-content\/uploads\/2020\/10\/logo.png\" \/>\n<script type=\"application\/ld+json\" class=\"yoast-schema-graph\">{\"@context\":\"https:\/\/schema.org\",\"@graph\":[{\"@type\":\"WebSite\",\"@id\":\"https:\/\/www.glaxes.com\/de\/#website\",\"url\":\"https:\/\/www.glaxes.com\/de\/\",\"name\":\"GLAXES\",\"description\":\"Wir sind Online-Marktforschung\",\"potentialAction\":[{\"@type\":\"SearchAction\",\"target\":\"https:\/\/www.glaxes.com\/de\/?s={search_term_string}\",\"query-input\":\"required name=search_term_string\"}],\"inLanguage\":\"de-DE\"},{\"@type\":\"ImageObject\",\"@id\":\"https:\/\/www.glaxes.com\/de\/privacy\/#primaryimage\",\"inLanguage\":\"de-DE\",\"url\":\"https:\/\/www.glaxes.com\/de\/wp-content\/uploads\/2020\/10\/goon.jpg\",\"width\":653,\"height\":400},{\"@type\":\"WebPage\",\"@id\":\"https:\/\/www.glaxes.com\/de\/privacy\/#webpage\",\"url\":\"https:\/\/www.glaxes.com\/de\/privacy\/\",\"name\":\"Datenschutz \\u2013 GLAXES, Wir sind Online-Marktforschung\",\"isPartOf\":{\"@id\":\"https:\/\/www.glaxes.com\/de\/#website\"},\"primaryImageOfPage\":{\"@id\":\"https:\/\/www.glaxes.com\/de\/privacy\/#primaryimage\"},\"datePublished\":\"2020-10-08T16:13:51+00:00\",\"dateModified\":\"2021-03-01T14:19:22+00:00\",\"description\":\"Hier machen Nutzer Umfragen und Tests f\\u00fcr ein Honorar. Datenschutz ist per DSGVO 2018 Gesetz - Wir halten uns daran!\",\"inLanguage\":\"de-DE\",\"potentialAction\":[{\"@type\":\"ReadAction\",\"target\":[\"https:\/\/www.glaxes.com\/de\/privacy\/\"]}]}]}<\/script>\n<!-- \/ Yoast SEO plugin. -->","_links":{"self":[{"href":"https:\/\/www.glaxes.com\/de\/wp-json\/wp\/v2\/pages\/105"}],"collection":[{"href":"https:\/\/www.glaxes.com\/de\/wp-json\/wp\/v2\/pages"}],"about":[{"href":"https:\/\/www.glaxes.com\/de\/wp-json\/wp\/v2\/types\/page"}],"author":[{"embeddable":true,"href":"https:\/\/www.glaxes.com\/de\/wp-json\/wp\/v2\/users\/1"}],"replies":[{"embeddable":true,"href":"https:\/\/www.glaxes.com\/de\/wp-json\/wp\/v2\/comments?post=105"}],"version-history":[{"count":12,"href":"https:\/\/www.glaxes.com\/de\/wp-json\/wp\/v2\/pages\/105\/revisions"}],"predecessor-version":[{"id":701,"href":"https:\/\/www.glaxes.com\/de\/wp-json\/wp\/v2\/pages\/105\/revisions\/701"}],"wp:featuredmedia":[{"embeddable":true,"href":"https:\/\/www.glaxes.com\/de\/wp-json\/wp\/v2\/media\/81"}],"wp:attachment":[{"href":"https:\/\/www.glaxes.com\/de\/wp-json\/wp\/v2\/media?parent=105"}],"curies":[{"name":"wp","href":"https:\/\/api.w.org\/{rel}","templated":true}]}}