{"id":103,"date":"2020-10-08T18:11:34","date_gmt":"2020-10-08T16:11:34","guid":{"rendered":"http:\/\/dev.fabiodoppio.de\/glaxes\/?page_id=103"},"modified":"2020-10-15T15:02:04","modified_gmt":"2020-10-15T13:02:04","slug":"credo","status":"publish","type":"page","link":"https:\/\/www.glaxes.com\/de\/credo\/","title":{"rendered":"Credo"},"content":{"rendered":"\n<section class=\"wp-block-uagb-columns uagb-columns__wrap uagb-columns__background-none uagb-columns__stack-mobile uagb-columns__valign-top uagb-columns__gap-10 alignfull uagb-block-efd1e04a\"><div class=\"uagb-columns__overlay\"><\/div><div class=\"uagb-columns__inner-wrap uagb-columns__columns-1\">\n<div class=\"wp-block-uagb-column uagb-column__wrap uagb-column__background-undefined uagb-block-9e3293ff\"><div class=\"uagb-column__overlay\"><\/div><div class=\"uagb-column__inner-wrap\">\n<div class=\"wp-block-uagb-advanced-heading uagb-block-1aa18ee3\" id=\"0-glaxes-marktforschung-bei-der-sie-wirklich-mitwirken\"><h1 class=\"uagb-heading-text\">Unser Credo<br>GLAXES<\/h1><p class=\"uagb-desc-text\"><\/p><\/div>\n\n\n\n<div class=\"wp-block-buttons\">\n<div class=\"wp-block-button\"><a class=\"wp-block-button__link\" href=\"https:\/\/www.glaxes.com\/de\/login\/\">Login<\/a><\/div>\n\n\n\n<div class=\"wp-block-button is-style-fill\"><a class=\"wp-block-button__link\" href=\"https:\/\/www.glaxes.com\/de\/regist\/\">Zur Registrierung<\/a><\/div>\n<\/div>\n<\/div><\/div>\n<\/div><div class=\"uagb-columns__shape uagb-columns__shape-bottom\" data-negative=\"false\"><svg xmlns=\"http:\/\/www.w3.org\/2000\/svg\" viewbox=\"0 0 1000 100\" preserveaspectratio=\"none\"><path class=\"uagb-columns__shape-fill\" d=\"M0,0c0,0,0,6,0,6.7c0,18,240.2,93.6,615.2,92.6C989.8,98.5,1000,25,1000,6.7c0-0.7,0-6.7,0-6.7H0z\"><\/path><\/svg><\/div><\/section>\n\n\n\n<section class=\"wp-block-uagb-columns uagb-columns__wrap uagb-columns__background-color uagb-columns__stack-mobile uagb-columns__valign-undefined uagb-columns__gap-10 alignfull uagb-block-2bfba6c4\"><div class=\"uagb-columns__overlay\"><\/div><div class=\"uagb-columns__inner-wrap uagb-columns__columns-1\">\n<div class=\"wp-block-uagb-column uagb-column__wrap uagb-column__background-undefined uagb-block-2702aa60\"><div class=\"uagb-column__overlay\"><\/div><div class=\"uagb-column__inner-wrap\">\n<h2 class=\"has-text-align-center\" id=\"1-%C3%BCber-glaxes\">Unser Credo<\/h2>\n\n\n\n<p>Der Markt ist ein Ort an dem Angebot und Nachfrage aufeinandertreffen. Doch sp\u00e4testens nach der Weiterentwicklung des Internets (Web 2.0) und das Aufpoppen von unz\u00e4hligen Verbraucherportalen wurde Produzenten klar, dass Sie die Konsumenten, st\u00e4rker, mit in die Entwicklung ihrer Produkte einbeziehen m\u00fcssen. Nat\u00fcrlich ist Marktforschung kein Setzling des Internets, doch gerade mit der neuen Geschwindigkeit des Internets hat sich auch die Marktforschung ver\u00e4ndert.<\/p>\n\n\n\n<p>Wir von Glaxes besitzen jahrelange Erfahrung in Sachen methodenkompetenter und mediengest\u00fctzter Marktforschung. Wir betreiben moderne Marktforschung, fair und transparent. Fair, weil wir Versuchsteilnehmern eine zugesicherte Aufwandsentsch\u00e4digung, ohne Wenn und Aber, auszahlen. Voraussetzung daf\u00fcr ist selbstverst\u00e4ndlich, dass die Umfragen ehrlich und vollst\u00e4ndig beantwortet wurden. Au\u00dferdem halten wir unsere Abl\u00e4ufe transparent. Unseren Nutzern wird eindeutig dargestellt wie viel er f\u00fcr eine bestimmte Umfrage bekommt und ob er f\u00fcr eine Umfrage geeignet ist. Dar\u00fcber hinaus schicken wir unseren Nutzern nur Umfragen zu, von denen wir glauben, dass Sie daf\u00fcr passen k\u00f6nnten.<\/p>\n\n\n\n<p>Ihre Meinung zahlt sich also aus! Buchst\u00e4blich. Sobald Sie eine Summe erreicht haben, k\u00f6nnen Sie diese in Auszahlungen eintauschen, schnell und unkompliziert.<\/p>\n\n\n\n<p>Gerne k\u00f6nnen Sie uns aber auch sagen, was Sie von uns halten. Selbstverst\u00e4ndlich versuchen wir unseren Service stetig zu verbessern. &#8211; Einfach per Kontaktformular k\u00f6nnen Sie sich auch zu unserer Webseite oder Umfragen \u00e4u\u00dfern. Wir versuchen jede Anfrage zu beantworten.<\/p>\n\n\n\n<p>F\u00fcr den Fall, dass Sie Fragen zur Nutzung der Webseite haben, so k\u00f6nnen Sie uns jederzeit schreiben oder Sie schauen in die FAQ\u2019s rein. Weitere Informationen bekommen Sie auch durch einen Besuch des Impressums oder unserer Datenschutzbestimmungen<\/p>\n\n\n\n<p>Das gesamte Glaxes-Team w\u00fcnscht Ihnen viel Spa\u00df!<\/p>\n<\/div><\/div>\n<\/div><\/section>\n\n\n\n<section class=\"wp-block-uagb-columns uagb-columns__wrap uagb-columns__background-color uagb-columns__stack-mobile uagb-columns__valign-undefined uagb-columns__gap-10 alignfull uagb-block-be3e2caa\"><div class=\"uagb-columns__overlay\"><\/div><div class=\"uagb-columns__shape uagb-columns__shape-top\"><svg xmlns=\"http:\/\/www.w3.org\/2000\/svg\" viewbox=\"0 0 1000 100\" preserveaspectratio=\"none\"><path class=\"uagb-columns__shape-fill\" d=\"M0,0c0,0,0,6,0,6.7c0,18,240.2,93.6,615.2,92.6C989.8,98.5,1000,25,1000,6.7c0-0.7,0-6.7,0-6.7H0z\"><\/path><\/svg><\/div><div class=\"uagb-columns__inner-wrap uagb-columns__columns-1\">\n<div class=\"wp-block-uagb-column uagb-column__wrap uagb-column__background-none uagb-block-39b690f7\"><div class=\"uagb-column__overlay\"><\/div><div class=\"uagb-column__inner-wrap\">\n<p><\/p>\n<\/div><\/div>\n<\/div><\/section>\n\n\n\n<p><\/p>\n","protected":false},"excerpt":{"rendered":"","protected":false},"author":1,"featured_media":0,"parent":0,"menu_order":0,"comment_status":"closed","ping_status":"open","template":"","meta":{"ub_ctt_via":""},"featured_image_src":null,"uagb_featured_image_src":{"full":false,"thumbnail":false,"medium":false,"medium_large":false,"large":false,"1536x1536":false,"2048x2048":false},"uagb_author_info":{"display_name":"admin","author_link":"https:\/\/www.glaxes.com\/de\/author\/admin\/"},"uagb_comment_info":0,"uagb_excerpt":null,"yoast_head":"<!-- This site is optimized with the Yoast SEO plugin v15.1.1 - https:\/\/yoast.com\/wordpress\/plugins\/seo\/ -->\n<title>Credo \u2013 GLAXES, Wir sind Online-Marktforschung<\/title>\n<meta name=\"description\" content=\"Glaxes - Marktforschung bei der Sie wirklich mitwirken. Unser Credo erkl\u00e4rt Ihnen wieso wir gute Marktforschung betreiben!\" \/>\n<meta name=\"robots\" content=\"index, follow, max-snippet:-1, max-image-preview:large, max-video-preview:-1\" \/>\n<link rel=\"canonical\" href=\"https:\/\/www.glaxes.com\/de\/credo\/\" \/>\n<meta property=\"og:locale\" content=\"de_DE\" \/>\n<meta property=\"og:type\" content=\"article\" \/>\n<meta property=\"og:title\" content=\"Credo \u2013 GLAXES, Wir sind Online-Marktforschung\" \/>\n<meta property=\"og:description\" content=\"Glaxes - Marktforschung bei der Sie wirklich mitwirken. Unser Credo erkl\u00e4rt Ihnen wieso wir gute Marktforschung betreiben!\" \/>\n<meta property=\"og:url\" content=\"https:\/\/www.glaxes.com\/de\/credo\/\" \/>\n<meta property=\"og:site_name\" content=\"GLAXES\" \/>\n<meta property=\"article:modified_time\" content=\"2020-10-15T13:02:04+00:00\" \/>\n<meta property=\"og:image\" content=\"https:\/\/www.glaxes.com\/de\/wp-content\/uploads\/2020\/10\/bg.jpg\" \/>\n\t<meta property=\"og:image:width\" content=\"1920\" \/>\n\t<meta property=\"og:image:height\" content=\"1080\" \/>\n<meta name=\"twitter:card\" content=\"summary_large_image\" \/>\n<meta name=\"twitter:title\" content=\"Credo \u2013 GLAXES, Wir sind Online-Marktforschung\" \/>\n<meta name=\"twitter:description\" content=\"Glaxes - Marktforschung bei der Sie wirklich mitwirken. Unser Credo erkl\u00e4rt Ihnen wieso wir gute Marktforschung betreiben!\" \/>\n<meta name=\"twitter:image\" content=\"https:\/\/www.glaxes.com\/de\/wp-content\/uploads\/2020\/10\/bg.jpg\" \/>\n<script type=\"application\/ld+json\" class=\"yoast-schema-graph\">{\"@context\":\"https:\/\/schema.org\",\"@graph\":[{\"@type\":\"WebSite\",\"@id\":\"https:\/\/www.glaxes.com\/de\/#website\",\"url\":\"https:\/\/www.glaxes.com\/de\/\",\"name\":\"GLAXES\",\"description\":\"Wir sind Online-Marktforschung\",\"potentialAction\":[{\"@type\":\"SearchAction\",\"target\":\"https:\/\/www.glaxes.com\/de\/?s={search_term_string}\",\"query-input\":\"required name=search_term_string\"}],\"inLanguage\":\"de-DE\"},{\"@type\":\"WebPage\",\"@id\":\"https:\/\/www.glaxes.com\/de\/credo\/#webpage\",\"url\":\"https:\/\/www.glaxes.com\/de\/credo\/\",\"name\":\"Credo \\u2013 GLAXES, Wir sind Online-Marktforschung\",\"isPartOf\":{\"@id\":\"https:\/\/www.glaxes.com\/de\/#website\"},\"datePublished\":\"2020-10-08T16:11:34+00:00\",\"dateModified\":\"2020-10-15T13:02:04+00:00\",\"description\":\"Glaxes - Marktforschung bei der Sie wirklich mitwirken. Unser Credo erkl\\u00e4rt Ihnen wieso wir gute Marktforschung betreiben!\",\"inLanguage\":\"de-DE\",\"potentialAction\":[{\"@type\":\"ReadAction\",\"target\":[\"https:\/\/www.glaxes.com\/de\/credo\/\"]}]}]}<\/script>\n<!-- \/ Yoast SEO plugin. -->","_links":{"self":[{"href":"https:\/\/www.glaxes.com\/de\/wp-json\/wp\/v2\/pages\/103"}],"collection":[{"href":"https:\/\/www.glaxes.com\/de\/wp-json\/wp\/v2\/pages"}],"about":[{"href":"https:\/\/www.glaxes.com\/de\/wp-json\/wp\/v2\/types\/page"}],"author":[{"embeddable":true,"href":"https:\/\/www.glaxes.com\/de\/wp-json\/wp\/v2\/users\/1"}],"replies":[{"embeddable":true,"href":"https:\/\/www.glaxes.com\/de\/wp-json\/wp\/v2\/comments?post=103"}],"version-history":[{"count":6,"href":"https:\/\/www.glaxes.com\/de\/wp-json\/wp\/v2\/pages\/103\/revisions"}],"predecessor-version":[{"id":351,"href":"https:\/\/www.glaxes.com\/de\/wp-json\/wp\/v2\/pages\/103\/revisions\/351"}],"wp:attachment":[{"href":"https:\/\/www.glaxes.com\/de\/wp-json\/wp\/v2\/media?parent=103"}],"curies":[{"name":"wp","href":"https:\/\/api.w.org\/{rel}","templated":true}]}}